{"id":1086,"date":"2022-01-18T12:57:25","date_gmt":"2022-01-18T12:57:26","guid":{"rendered":"http:\/\/webtest.com.mialias.net\/arrel\/?post_type=product&#038;p=1086"},"modified":"2022-01-19T15:05:11","modified_gmt":"2022-01-19T15:05:11","slug":"pis-centric-i-acollidor-ideal-per-a-families-copia","status":"publish","type":"product","link":"https:\/\/arrel.com\/ca\/pis-centric-i-acollidor-ideal-per-a-families-copia\/","title":{"rendered":"D\u00faplex perfecte per a fam\u00edlies"},"content":{"rendered":"<p>Pis en format d\u00faplex al centre de la localitat d&#8217;Alella, a 2 min a peu de la pla\u00e7a del poble, pr\u00f2xim a tots els serveis i a 15 min del centre de Barcelona.<\/p>\n<p>Aquest magn\u00edfic pis, es presenta a nivell de carrer, amb un petit rebedor. Planta baixa amb ampli sal\u00f3 menjador d&#8217;aproximadament 30m<sup>2<\/sup> amb acc\u00e9s a pati interior privat amb gespa artificial. A m\u00e9s a m\u00e9s tenim una cuina oberta amb zona per rentadora i secadora i bany de cortesia en planta. A la planta superior tenim tota la zona de nit, amb un gran bany amb bandera i dutxa, habitaci\u00f3 principal amb armaris encastats i habitaci\u00f3 individual molt \u00e0mplia.<\/p>\n<p>Oportunitat perfecte si busques un pis pr\u00e0ctic, amb amplitud i al centre de tots de tots els serveis.<\/p>\n<p>Possibilitat de lloguer pla\u00e7a d&#8217;aparcament.<\/p>\n","protected":false},"excerpt":{"rendered":"<p>Pis en format d\u00faplex al&#8230;<\/p>\n","protected":false},"featured_media":3708,"template":"","meta":{"inline_featured_image":false},"product_brand":[],"product_cat":[80],"product_tag":[150],"class_list":{"0":"post-1086","1":"product","2":"type-product","3":"status-publish","4":"has-post-thumbnail","6":"product_cat-llogar-maresme","7":"product_tag-llogar","9":"first","10":"instock","11":"sale","12":"featured","13":"shipping-taxable","14":"purchasable","15":"product-type-simple"},"acf":[],"yoast_head":"<!-- This site is optimized with the Yoast SEO plugin v27.4 - https:\/\/yoast.com\/product\/yoast-seo-wordpress\/ -->\n<title>D\u00faplex perfecte per a fam\u00edlies - ARREL<\/title>\n<meta name=\"robots\" content=\"index, follow, max-snippet:-1, max-image-preview:large, max-video-preview:-1\" \/>\n<link rel=\"canonical\" href=\"https:\/\/arrel.com\/duplex-ideal-para-familias-en-alella\/\" \/>\n<meta property=\"og:locale\" content=\"ca_ES\" \/>\n<meta property=\"og:type\" content=\"article\" \/>\n<meta property=\"og:title\" content=\"D\u00faplex perfecte per a fam\u00edlies - ARREL\" \/>\n<meta property=\"og:description\" content=\"Pis en format d\u00faplex al...\" \/>\n<meta property=\"og:url\" content=\"https:\/\/arrel.com\/duplex-ideal-para-familias-en-alella\/\" \/>\n<meta property=\"og:site_name\" content=\"ARREL\" \/>\n<meta property=\"article:modified_time\" content=\"2022-01-19T15:05:11+00:00\" \/>\n<meta property=\"og:image\" content=\"https:\/\/arrel.com\/wp-content\/uploads\/AL-3480-RENTED.jpg\" \/>\n\t<meta property=\"og:image:width\" content=\"1000\" \/>\n\t<meta property=\"og:image:height\" content=\"592\" \/>\n\t<meta property=\"og:image:type\" content=\"image\/jpeg\" \/>\n<meta name=\"twitter:card\" content=\"summary_large_image\" \/>\n<meta name=\"twitter:label1\" content=\"Est. reading time\" \/>\n\t<meta name=\"twitter:data1\" content=\"1 minute\" \/>\n<script type=\"application\/ld+json\" class=\"yoast-schema-graph\">{\"@context\":\"https:\\\/\\\/schema.org\",\"@graph\":[{\"@type\":\"WebPage\",\"@id\":\"https:\\\/\\\/arrel.com\\\/duplex-ideal-para-familias-en-alella\\\/\",\"url\":\"https:\\\/\\\/arrel.com\\\/duplex-ideal-para-familias-en-alella\\\/\",\"name\":\"D\u00faplex perfecte per a fam\u00edlies - ARREL\",\"isPartOf\":{\"@id\":\"https:\\\/\\\/arrel.com\\\/#website\"},\"primaryImageOfPage\":{\"@id\":\"https:\\\/\\\/arrel.com\\\/duplex-ideal-para-familias-en-alella\\\/#primaryimage\"},\"image\":{\"@id\":\"https:\\\/\\\/arrel.com\\\/duplex-ideal-para-familias-en-alella\\\/#primaryimage\"},\"thumbnailUrl\":\"https:\\\/\\\/arrel.com\\\/wp-content\\\/uploads\\\/AL-3480-RENTED.jpg\",\"datePublished\":\"2022-01-18T12:57:26+00:00\",\"dateModified\":\"2022-01-19T15:05:11+00:00\",\"breadcrumb\":{\"@id\":\"https:\\\/\\\/arrel.com\\\/duplex-ideal-para-familias-en-alella\\\/#breadcrumb\"},\"inLanguage\":\"ca\",\"potentialAction\":[{\"@type\":\"ReadAction\",\"target\":[\"https:\\\/\\\/arrel.com\\\/duplex-ideal-para-familias-en-alella\\\/\"]}]},{\"@type\":\"ImageObject\",\"inLanguage\":\"ca\",\"@id\":\"https:\\\/\\\/arrel.com\\\/duplex-ideal-para-familias-en-alella\\\/#primaryimage\",\"url\":\"https:\\\/\\\/arrel.com\\\/wp-content\\\/uploads\\\/AL-3480-RENTED.jpg\",\"contentUrl\":\"https:\\\/\\\/arrel.com\\\/wp-content\\\/uploads\\\/AL-3480-RENTED.jpg\",\"width\":1000,\"height\":592},{\"@type\":\"BreadcrumbList\",\"@id\":\"https:\\\/\\\/arrel.com\\\/duplex-ideal-para-familias-en-alella\\\/#breadcrumb\",\"itemListElement\":[{\"@type\":\"ListItem\",\"position\":1,\"name\":\"Portada\",\"item\":\"https:\\\/\\\/arrel.com\\\/ca\\\/\"},{\"@type\":\"ListItem\",\"position\":2,\"name\":\"Cercador d&#8217;immobles\",\"item\":\"https:\\\/\\\/arrel.com\\\/ca\\\/buscador-inmuebles\\\/\"},{\"@type\":\"ListItem\",\"position\":3,\"name\":\"D\u00faplex perfecte per a fam\u00edlies\"}]},{\"@type\":\"WebSite\",\"@id\":\"https:\\\/\\\/arrel.com\\\/#website\",\"url\":\"https:\\\/\\\/arrel.com\\\/\",\"name\":\"ARREL\",\"description\":\"Agencia inmobiliaria en Maresme y Barcelona\",\"publisher\":{\"@id\":\"https:\\\/\\\/arrel.com\\\/#organization\"},\"potentialAction\":[{\"@type\":\"SearchAction\",\"target\":{\"@type\":\"EntryPoint\",\"urlTemplate\":\"https:\\\/\\\/arrel.com\\\/?s={search_term_string}\"},\"query-input\":{\"@type\":\"PropertyValueSpecification\",\"valueRequired\":true,\"valueName\":\"search_term_string\"}}],\"inLanguage\":\"ca\"},{\"@type\":\"Organization\",\"@id\":\"https:\\\/\\\/arrel.com\\\/#organization\",\"name\":\"ARREL\",\"url\":\"https:\\\/\\\/arrel.com\\\/\",\"logo\":{\"@type\":\"ImageObject\",\"inLanguage\":\"ca\",\"@id\":\"https:\\\/\\\/arrel.com\\\/#\\\/schema\\\/logo\\\/image\\\/\",\"url\":\"https:\\\/\\\/arrel.com\\\/wp-content\\\/uploads\\\/logo-arrel.svg\",\"contentUrl\":\"https:\\\/\\\/arrel.com\\\/wp-content\\\/uploads\\\/logo-arrel.svg\",\"width\":93,\"height\":33,\"caption\":\"ARREL\"},\"image\":{\"@id\":\"https:\\\/\\\/arrel.com\\\/#\\\/schema\\\/logo\\\/image\\\/\"}}]}<\/script>\n<!-- \/ Yoast SEO plugin. -->","yoast_head_json":{"title":"D\u00faplex perfecte per a fam\u00edlies - ARREL","robots":{"index":"index","follow":"follow","max-snippet":"max-snippet:-1","max-image-preview":"max-image-preview:large","max-video-preview":"max-video-preview:-1"},"canonical":"https:\/\/arrel.com\/duplex-ideal-para-familias-en-alella\/","og_locale":"ca_ES","og_type":"article","og_title":"D\u00faplex perfecte per a fam\u00edlies - ARREL","og_description":"Pis en format d\u00faplex al...","og_url":"https:\/\/arrel.com\/duplex-ideal-para-familias-en-alella\/","og_site_name":"ARREL","article_modified_time":"2022-01-19T15:05:11+00:00","og_image":[{"width":1000,"height":592,"url":"https:\/\/arrel.com\/wp-content\/uploads\/AL-3480-RENTED.jpg","type":"image\/jpeg"}],"twitter_card":"summary_large_image","twitter_misc":{"Est. reading time":"1 minute"},"schema":{"@context":"https:\/\/schema.org","@graph":[{"@type":"WebPage","@id":"https:\/\/arrel.com\/duplex-ideal-para-familias-en-alella\/","url":"https:\/\/arrel.com\/duplex-ideal-para-familias-en-alella\/","name":"D\u00faplex perfecte per a fam\u00edlies - ARREL","isPartOf":{"@id":"https:\/\/arrel.com\/#website"},"primaryImageOfPage":{"@id":"https:\/\/arrel.com\/duplex-ideal-para-familias-en-alella\/#primaryimage"},"image":{"@id":"https:\/\/arrel.com\/duplex-ideal-para-familias-en-alella\/#primaryimage"},"thumbnailUrl":"https:\/\/arrel.com\/wp-content\/uploads\/AL-3480-RENTED.jpg","datePublished":"2022-01-18T12:57:26+00:00","dateModified":"2022-01-19T15:05:11+00:00","breadcrumb":{"@id":"https:\/\/arrel.com\/duplex-ideal-para-familias-en-alella\/#breadcrumb"},"inLanguage":"ca","potentialAction":[{"@type":"ReadAction","target":["https:\/\/arrel.com\/duplex-ideal-para-familias-en-alella\/"]}]},{"@type":"ImageObject","inLanguage":"ca","@id":"https:\/\/arrel.com\/duplex-ideal-para-familias-en-alella\/#primaryimage","url":"https:\/\/arrel.com\/wp-content\/uploads\/AL-3480-RENTED.jpg","contentUrl":"https:\/\/arrel.com\/wp-content\/uploads\/AL-3480-RENTED.jpg","width":1000,"height":592},{"@type":"BreadcrumbList","@id":"https:\/\/arrel.com\/duplex-ideal-para-familias-en-alella\/#breadcrumb","itemListElement":[{"@type":"ListItem","position":1,"name":"Portada","item":"https:\/\/arrel.com\/ca\/"},{"@type":"ListItem","position":2,"name":"Cercador d&#8217;immobles","item":"https:\/\/arrel.com\/ca\/buscador-inmuebles\/"},{"@type":"ListItem","position":3,"name":"D\u00faplex perfecte per a fam\u00edlies"}]},{"@type":"WebSite","@id":"https:\/\/arrel.com\/#website","url":"https:\/\/arrel.com\/","name":"ARREL","description":"Agencia inmobiliaria en Maresme y Barcelona","publisher":{"@id":"https:\/\/arrel.com\/#organization"},"potentialAction":[{"@type":"SearchAction","target":{"@type":"EntryPoint","urlTemplate":"https:\/\/arrel.com\/?s={search_term_string}"},"query-input":{"@type":"PropertyValueSpecification","valueRequired":true,"valueName":"search_term_string"}}],"inLanguage":"ca"},{"@type":"Organization","@id":"https:\/\/arrel.com\/#organization","name":"ARREL","url":"https:\/\/arrel.com\/","logo":{"@type":"ImageObject","inLanguage":"ca","@id":"https:\/\/arrel.com\/#\/schema\/logo\/image\/","url":"https:\/\/arrel.com\/wp-content\/uploads\/logo-arrel.svg","contentUrl":"https:\/\/arrel.com\/wp-content\/uploads\/logo-arrel.svg","width":93,"height":33,"caption":"ARREL"},"image":{"@id":"https:\/\/arrel.com\/#\/schema\/logo\/image\/"}}]}},"_links":{"self":[{"href":"https:\/\/arrel.com\/ca\/wp-json\/wp\/v2\/product\/1086","targetHints":{"allow":["GET"]}}],"collection":[{"href":"https:\/\/arrel.com\/ca\/wp-json\/wp\/v2\/product"}],"about":[{"href":"https:\/\/arrel.com\/ca\/wp-json\/wp\/v2\/types\/product"}],"wp:featuredmedia":[{"embeddable":true,"href":"https:\/\/arrel.com\/ca\/wp-json\/wp\/v2\/media\/3708"}],"wp:attachment":[{"href":"https:\/\/arrel.com\/ca\/wp-json\/wp\/v2\/media?parent=1086"}],"wp:term":[{"taxonomy":"product_brand","embeddable":true,"href":"https:\/\/arrel.com\/ca\/wp-json\/wp\/v2\/product_brand?post=1086"},{"taxonomy":"product_cat","embeddable":true,"href":"https:\/\/arrel.com\/ca\/wp-json\/wp\/v2\/product_cat?post=1086"},{"taxonomy":"product_tag","embeddable":true,"href":"https:\/\/arrel.com\/ca\/wp-json\/wp\/v2\/product_tag?post=1086"}],"curies":[{"name":"wp","href":"https:\/\/api.w.org\/{rel}","templated":true}]}}