{"id":3268,"date":"2022-12-29T17:37:54","date_gmt":"2022-12-29T17:37:54","guid":{"rendered":"https:\/\/arrel.com\/?post_type=product&#038;p=3268"},"modified":"2023-03-03T08:30:58","modified_gmt":"2023-03-03T08:30:58","slug":"chalet-con-vistas-en-canet-de-mar","status":"publish","type":"product","link":"https:\/\/arrel.com\/ca\/chalet-con-vistas-en-canet-de-mar\/","title":{"rendered":"CHALET CON VISTAS EN CANET DE MAR"},"content":{"rendered":"<p>En el coraz\u00f3n de la costa del Maresme, encontramos la localidad costera de Canet de Mar, donde se encuentra esta bonita vivienda construida en 1995 con vistas al centro de la localidad y al mar.<\/p>\n<p>Distribuida en un total de dos plantas y semis\u00f3tano, nos recibe este preciosa hogar nivel de calle con un jard\u00edn privado y espacio para albergar hasta un total de 3 veh\u00edculos. Al entrar al recibidor, encontramos a nuestra derecha un escalinata con luminosa cristalera, ba\u00f1o con ducha, habitaci\u00f3n\/despacho y a nuestra izquierda armario ropero, cocina office con zona lavander\u00eda y un amplio sal\u00f3n con ventanales con vistas a la terraza y toda la localidad.<br \/>\nEn la planta superior, disponemos de dos habitaciones individuales con armario, ba\u00f1o completo con ba\u00f1era y la habitaci\u00f3n principal de la casa que al entrar nos trasmite calidez mientas los rayos de sol entran por las ventanas e iluminan todo el espacio, desde el ba\u00f1o con jacuzzi y zona ducha, vestidor y el dormitorio acabando en su terraza privada.<br \/>\nEn la planta -1, contamos una m\u00e1s que generosa sala polivalente con ba\u00f1o completo con ducha, sala de m\u00e1quinas, bodega, habitaci\u00f3n habilitada para planchado, almac\u00e9n con deposito de 10.000m3 de agua y piscina cubierta con cascada que conecta al jard\u00edn principal de la vivienda con vistas y zona barbacoa ideal para albergar a nuestros invitados cubriendo todas las necesidades y gozar de absoluta privacidad.<\/p>\n<p>Como v\u00e9is, este inmueble cuenta con todos los requisitos que una familia pueda desear. Si quer\u00e9is m\u00e1s informaci\u00f3n, contactar con nosotros para organizar una visitas y os contaremos todos los secretos que aun quedan por revelar.<\/p>\n<p>Os esperamos!!<\/p>\n","protected":false},"excerpt":{"rendered":"<p>Chalet ubicado en la costa del Maresme, en enclave estrategico de la localidad de Canet de Mar, con vistas al Mar y toda la localidad. Con 4 habitaciones y 4 ba\u00f1os, todo el inmueble cuenta con los mejores acabados como carpinter\u00eda de PVC blindada, a dem\u00e1s de zona barbacoa y Piscina cubierta con cascada<\/p>\n","protected":false},"featured_media":3278,"template":"","meta":{"inline_featured_image":false},"product_brand":[],"product_cat":[62],"product_tag":[54],"class_list":{"0":"post-3268","1":"product","2":"type-product","3":"status-publish","4":"has-post-thumbnail","6":"product_cat-comprar-maresme","7":"product_tag-comprar","9":"first","10":"instock","11":"sale","12":"shipping-taxable","13":"purchasable","14":"product-type-simple"},"acf":[],"yoast_head":"<!-- This site is optimized with the Yoast SEO plugin v27.4 - https:\/\/yoast.com\/product\/yoast-seo-wordpress\/ -->\n<title>CHALET CON VISTAS EN CANET DE MAR - ARREL<\/title>\n<meta name=\"description\" content=\"Chalet de obra vista, a cuatro vientos con vistas en la localidad de Canet de Mar, en la costa del Maresme. Piscina cubierta con cascada\" \/>\n<meta name=\"robots\" content=\"index, follow, max-snippet:-1, max-image-preview:large, max-video-preview:-1\" \/>\n<link rel=\"canonical\" href=\"https:\/\/arrel.com\/ca\/chalet-con-vistas-en-canet-de-mar\/\" \/>\n<meta property=\"og:locale\" content=\"ca_ES\" \/>\n<meta property=\"og:type\" content=\"article\" \/>\n<meta property=\"og:title\" content=\"CHALET CON VISTAS EN CANET DE MAR - ARREL\" \/>\n<meta property=\"og:description\" content=\"Chalet de obra vista, a cuatro vientos con vistas en la localidad de Canet de Mar, en la costa del Maresme. Piscina cubierta con cascada\" \/>\n<meta property=\"og:url\" content=\"https:\/\/arrel.com\/ca\/chalet-con-vistas-en-canet-de-mar\/\" \/>\n<meta property=\"og:site_name\" content=\"ARREL\" \/>\n<meta property=\"article:modified_time\" content=\"2023-03-03T08:30:58+00:00\" \/>\n<meta property=\"og:image\" content=\"https:\/\/arrel.com\/wp-content\/uploads\/ARREL-ALELLA-INMOBILIARIA-REAL-ESTATE-CASA-MARESEME-COSTA-BARCELONA-VISTAS-CHALET-LUZ-MAR-MONTNA-CANET4.jpg\" \/>\n\t<meta property=\"og:image:width\" content=\"1000\" \/>\n\t<meta property=\"og:image:height\" content=\"592\" \/>\n\t<meta property=\"og:image:type\" content=\"image\/jpeg\" \/>\n<meta name=\"twitter:card\" content=\"summary_large_image\" \/>\n<meta name=\"twitter:label1\" content=\"Est. reading time\" \/>\n\t<meta name=\"twitter:data1\" content=\"2 minutes\" \/>\n<script type=\"application\/ld+json\" class=\"yoast-schema-graph\">{\"@context\":\"https:\\\/\\\/schema.org\",\"@graph\":[{\"@type\":\"WebPage\",\"@id\":\"https:\\\/\\\/arrel.com\\\/ca\\\/chalet-con-vistas-en-canet-de-mar\\\/\",\"url\":\"https:\\\/\\\/arrel.com\\\/ca\\\/chalet-con-vistas-en-canet-de-mar\\\/\",\"name\":\"CHALET CON VISTAS EN CANET DE MAR - ARREL\",\"isPartOf\":{\"@id\":\"https:\\\/\\\/arrel.com\\\/#website\"},\"primaryImageOfPage\":{\"@id\":\"https:\\\/\\\/arrel.com\\\/ca\\\/chalet-con-vistas-en-canet-de-mar\\\/#primaryimage\"},\"image\":{\"@id\":\"https:\\\/\\\/arrel.com\\\/ca\\\/chalet-con-vistas-en-canet-de-mar\\\/#primaryimage\"},\"thumbnailUrl\":\"https:\\\/\\\/arrel.com\\\/wp-content\\\/uploads\\\/ARREL-ALELLA-INMOBILIARIA-REAL-ESTATE-CASA-MARESEME-COSTA-BARCELONA-VISTAS-CHALET-LUZ-MAR-MONTNA-CANET4.jpg\",\"datePublished\":\"2022-12-29T17:37:54+00:00\",\"dateModified\":\"2023-03-03T08:30:58+00:00\",\"description\":\"Chalet de obra vista, a cuatro vientos con vistas en la localidad de Canet de Mar, en la costa del Maresme. Piscina cubierta con cascada\",\"breadcrumb\":{\"@id\":\"https:\\\/\\\/arrel.com\\\/ca\\\/chalet-con-vistas-en-canet-de-mar\\\/#breadcrumb\"},\"inLanguage\":\"ca\",\"potentialAction\":[{\"@type\":\"ReadAction\",\"target\":[\"https:\\\/\\\/arrel.com\\\/ca\\\/chalet-con-vistas-en-canet-de-mar\\\/\"]}]},{\"@type\":\"ImageObject\",\"inLanguage\":\"ca\",\"@id\":\"https:\\\/\\\/arrel.com\\\/ca\\\/chalet-con-vistas-en-canet-de-mar\\\/#primaryimage\",\"url\":\"https:\\\/\\\/arrel.com\\\/wp-content\\\/uploads\\\/ARREL-ALELLA-INMOBILIARIA-REAL-ESTATE-CASA-MARESEME-COSTA-BARCELONA-VISTAS-CHALET-LUZ-MAR-MONTNA-CANET4.jpg\",\"contentUrl\":\"https:\\\/\\\/arrel.com\\\/wp-content\\\/uploads\\\/ARREL-ALELLA-INMOBILIARIA-REAL-ESTATE-CASA-MARESEME-COSTA-BARCELONA-VISTAS-CHALET-LUZ-MAR-MONTNA-CANET4.jpg\",\"width\":1000,\"height\":592},{\"@type\":\"BreadcrumbList\",\"@id\":\"https:\\\/\\\/arrel.com\\\/ca\\\/chalet-con-vistas-en-canet-de-mar\\\/#breadcrumb\",\"itemListElement\":[{\"@type\":\"ListItem\",\"position\":1,\"name\":\"Portada\",\"item\":\"https:\\\/\\\/arrel.com\\\/ca\\\/\"},{\"@type\":\"ListItem\",\"position\":2,\"name\":\"Cercador d&#8217;immobles\",\"item\":\"https:\\\/\\\/arrel.com\\\/ca\\\/buscador-inmuebles\\\/\"},{\"@type\":\"ListItem\",\"position\":3,\"name\":\"CHALET CON VISTAS EN CANET DE MAR\"}]},{\"@type\":\"WebSite\",\"@id\":\"https:\\\/\\\/arrel.com\\\/#website\",\"url\":\"https:\\\/\\\/arrel.com\\\/\",\"name\":\"ARREL\",\"description\":\"Agencia inmobiliaria en Maresme y Barcelona\",\"publisher\":{\"@id\":\"https:\\\/\\\/arrel.com\\\/#organization\"},\"potentialAction\":[{\"@type\":\"SearchAction\",\"target\":{\"@type\":\"EntryPoint\",\"urlTemplate\":\"https:\\\/\\\/arrel.com\\\/?s={search_term_string}\"},\"query-input\":{\"@type\":\"PropertyValueSpecification\",\"valueRequired\":true,\"valueName\":\"search_term_string\"}}],\"inLanguage\":\"ca\"},{\"@type\":\"Organization\",\"@id\":\"https:\\\/\\\/arrel.com\\\/#organization\",\"name\":\"ARREL\",\"url\":\"https:\\\/\\\/arrel.com\\\/\",\"logo\":{\"@type\":\"ImageObject\",\"inLanguage\":\"ca\",\"@id\":\"https:\\\/\\\/arrel.com\\\/#\\\/schema\\\/logo\\\/image\\\/\",\"url\":\"https:\\\/\\\/arrel.com\\\/wp-content\\\/uploads\\\/logo-arrel.svg\",\"contentUrl\":\"https:\\\/\\\/arrel.com\\\/wp-content\\\/uploads\\\/logo-arrel.svg\",\"width\":93,\"height\":33,\"caption\":\"ARREL\"},\"image\":{\"@id\":\"https:\\\/\\\/arrel.com\\\/#\\\/schema\\\/logo\\\/image\\\/\"}}]}<\/script>\n<!-- \/ Yoast SEO plugin. -->","yoast_head_json":{"title":"CHALET CON VISTAS EN CANET DE MAR - ARREL","description":"Chalet de obra vista, a cuatro vientos con vistas en la localidad de Canet de Mar, en la costa del Maresme. Piscina cubierta con cascada","robots":{"index":"index","follow":"follow","max-snippet":"max-snippet:-1","max-image-preview":"max-image-preview:large","max-video-preview":"max-video-preview:-1"},"canonical":"https:\/\/arrel.com\/ca\/chalet-con-vistas-en-canet-de-mar\/","og_locale":"ca_ES","og_type":"article","og_title":"CHALET CON VISTAS EN CANET DE MAR - ARREL","og_description":"Chalet de obra vista, a cuatro vientos con vistas en la localidad de Canet de Mar, en la costa del Maresme. Piscina cubierta con cascada","og_url":"https:\/\/arrel.com\/ca\/chalet-con-vistas-en-canet-de-mar\/","og_site_name":"ARREL","article_modified_time":"2023-03-03T08:30:58+00:00","og_image":[{"width":1000,"height":592,"url":"https:\/\/arrel.com\/wp-content\/uploads\/ARREL-ALELLA-INMOBILIARIA-REAL-ESTATE-CASA-MARESEME-COSTA-BARCELONA-VISTAS-CHALET-LUZ-MAR-MONTNA-CANET4.jpg","type":"image\/jpeg"}],"twitter_card":"summary_large_image","twitter_misc":{"Est. reading time":"2 minutes"},"schema":{"@context":"https:\/\/schema.org","@graph":[{"@type":"WebPage","@id":"https:\/\/arrel.com\/ca\/chalet-con-vistas-en-canet-de-mar\/","url":"https:\/\/arrel.com\/ca\/chalet-con-vistas-en-canet-de-mar\/","name":"CHALET CON VISTAS EN CANET DE MAR - ARREL","isPartOf":{"@id":"https:\/\/arrel.com\/#website"},"primaryImageOfPage":{"@id":"https:\/\/arrel.com\/ca\/chalet-con-vistas-en-canet-de-mar\/#primaryimage"},"image":{"@id":"https:\/\/arrel.com\/ca\/chalet-con-vistas-en-canet-de-mar\/#primaryimage"},"thumbnailUrl":"https:\/\/arrel.com\/wp-content\/uploads\/ARREL-ALELLA-INMOBILIARIA-REAL-ESTATE-CASA-MARESEME-COSTA-BARCELONA-VISTAS-CHALET-LUZ-MAR-MONTNA-CANET4.jpg","datePublished":"2022-12-29T17:37:54+00:00","dateModified":"2023-03-03T08:30:58+00:00","description":"Chalet de obra vista, a cuatro vientos con vistas en la localidad de Canet de Mar, en la costa del Maresme. Piscina cubierta con cascada","breadcrumb":{"@id":"https:\/\/arrel.com\/ca\/chalet-con-vistas-en-canet-de-mar\/#breadcrumb"},"inLanguage":"ca","potentialAction":[{"@type":"ReadAction","target":["https:\/\/arrel.com\/ca\/chalet-con-vistas-en-canet-de-mar\/"]}]},{"@type":"ImageObject","inLanguage":"ca","@id":"https:\/\/arrel.com\/ca\/chalet-con-vistas-en-canet-de-mar\/#primaryimage","url":"https:\/\/arrel.com\/wp-content\/uploads\/ARREL-ALELLA-INMOBILIARIA-REAL-ESTATE-CASA-MARESEME-COSTA-BARCELONA-VISTAS-CHALET-LUZ-MAR-MONTNA-CANET4.jpg","contentUrl":"https:\/\/arrel.com\/wp-content\/uploads\/ARREL-ALELLA-INMOBILIARIA-REAL-ESTATE-CASA-MARESEME-COSTA-BARCELONA-VISTAS-CHALET-LUZ-MAR-MONTNA-CANET4.jpg","width":1000,"height":592},{"@type":"BreadcrumbList","@id":"https:\/\/arrel.com\/ca\/chalet-con-vistas-en-canet-de-mar\/#breadcrumb","itemListElement":[{"@type":"ListItem","position":1,"name":"Portada","item":"https:\/\/arrel.com\/ca\/"},{"@type":"ListItem","position":2,"name":"Cercador d&#8217;immobles","item":"https:\/\/arrel.com\/ca\/buscador-inmuebles\/"},{"@type":"ListItem","position":3,"name":"CHALET CON VISTAS EN CANET DE MAR"}]},{"@type":"WebSite","@id":"https:\/\/arrel.com\/#website","url":"https:\/\/arrel.com\/","name":"ARREL","description":"Agencia inmobiliaria en Maresme y Barcelona","publisher":{"@id":"https:\/\/arrel.com\/#organization"},"potentialAction":[{"@type":"SearchAction","target":{"@type":"EntryPoint","urlTemplate":"https:\/\/arrel.com\/?s={search_term_string}"},"query-input":{"@type":"PropertyValueSpecification","valueRequired":true,"valueName":"search_term_string"}}],"inLanguage":"ca"},{"@type":"Organization","@id":"https:\/\/arrel.com\/#organization","name":"ARREL","url":"https:\/\/arrel.com\/","logo":{"@type":"ImageObject","inLanguage":"ca","@id":"https:\/\/arrel.com\/#\/schema\/logo\/image\/","url":"https:\/\/arrel.com\/wp-content\/uploads\/logo-arrel.svg","contentUrl":"https:\/\/arrel.com\/wp-content\/uploads\/logo-arrel.svg","width":93,"height":33,"caption":"ARREL"},"image":{"@id":"https:\/\/arrel.com\/#\/schema\/logo\/image\/"}}]}},"_links":{"self":[{"href":"https:\/\/arrel.com\/ca\/wp-json\/wp\/v2\/product\/3268","targetHints":{"allow":["GET"]}}],"collection":[{"href":"https:\/\/arrel.com\/ca\/wp-json\/wp\/v2\/product"}],"about":[{"href":"https:\/\/arrel.com\/ca\/wp-json\/wp\/v2\/types\/product"}],"wp:featuredmedia":[{"embeddable":true,"href":"https:\/\/arrel.com\/ca\/wp-json\/wp\/v2\/media\/3278"}],"wp:attachment":[{"href":"https:\/\/arrel.com\/ca\/wp-json\/wp\/v2\/media?parent=3268"}],"wp:term":[{"taxonomy":"product_brand","embeddable":true,"href":"https:\/\/arrel.com\/ca\/wp-json\/wp\/v2\/product_brand?post=3268"},{"taxonomy":"product_cat","embeddable":true,"href":"https:\/\/arrel.com\/ca\/wp-json\/wp\/v2\/product_cat?post=3268"},{"taxonomy":"product_tag","embeddable":true,"href":"https:\/\/arrel.com\/ca\/wp-json\/wp\/v2\/product_tag?post=3268"}],"curies":[{"name":"wp","href":"https:\/\/api.w.org\/{rel}","templated":true}]}}