{"id":4598,"date":"2023-09-22T07:37:53","date_gmt":"2023-09-22T07:37:53","guid":{"rendered":"https:\/\/arrel.com\/?post_type=product&#038;p=4598"},"modified":"2023-12-28T10:33:34","modified_gmt":"2023-12-28T10:33:34","slug":"piso-2-habitaciones-centro-teia","status":"publish","type":"product","link":"https:\/\/arrel.com\/ca\/piso-2-habitaciones-centro-teia\/","title":{"rendered":"PISO 2 HABITACIONES &#8211; CENTRO TEIA"},"content":{"rendered":"<p>Te aconsejamos que pongas atenci\u00f3n a este piso de Alquiler en el centro de la localidad de Tei\u00e0, justo al lado del parque de can God\u00f3 y cerca del resto de servicios de la localidad. Totalmente reformado, este inmueble dispone de dos habitaciones, un ba\u00f1o, sal\u00f3n comedor y cocina americana con salida a galer\u00eda y una barra que conecta directamente con el sal\u00f3n.<br \/>\nLa ubicaci\u00f3n es muy c\u00f3moda y tranquila.<\/p>\n<p>Actualmente el piso sen encuentra alquilado ofreciendo una buena rentabilidad.<\/p>\n","protected":false},"excerpt":{"rendered":"<p>Piso de dos habitaciones\u00a0 rehabilitado( 1\u00aa Planta sin ascensor) con salida a patio interior, zona de juegos comunitaria y con trastero privado en el centro de Tei\u00e0<\/p>\n","protected":false},"featured_media":4602,"template":"","meta":{"inline_featured_image":false},"product_brand":[],"product_cat":[62],"product_tag":[54],"class_list":{"0":"post-4598","1":"product","2":"type-product","3":"status-publish","4":"has-post-thumbnail","6":"product_cat-comprar-maresme","7":"product_tag-comprar","9":"first","10":"instock","11":"shipping-taxable","12":"purchasable","13":"product-type-simple"},"acf":[],"yoast_head":"<!-- This site is optimized with the Yoast SEO plugin v27.4 - https:\/\/yoast.com\/product\/yoast-seo-wordpress\/ -->\n<title>PISO 2 HABITACIONES - CENTRO TEIA - ARREL<\/title>\n<meta name=\"description\" content=\"Piso de dos habitaciones ( 1\u00aa Planta) con salida interior, zona juegos comunitaria y con trastero privado en el centro de Teia\" \/>\n<meta name=\"robots\" content=\"index, follow, max-snippet:-1, max-image-preview:large, max-video-preview:-1\" \/>\n<link rel=\"canonical\" href=\"https:\/\/arrel.com\/piso-2-habitaciones-centro-teia\/\" \/>\n<meta property=\"og:locale\" content=\"ca_ES\" \/>\n<meta property=\"og:type\" content=\"article\" \/>\n<meta property=\"og:title\" content=\"PISO 2 HABITACIONES - CENTRO TEIA - ARREL\" \/>\n<meta property=\"og:description\" content=\"Piso de dos habitaciones ( 1\u00aa Planta) con salida interior, zona juegos comunitaria y con trastero privado en el centro de Teia\" \/>\n<meta property=\"og:url\" content=\"https:\/\/arrel.com\/piso-2-habitaciones-centro-teia\/\" \/>\n<meta property=\"og:site_name\" content=\"ARREL\" \/>\n<meta property=\"article:modified_time\" content=\"2023-12-28T10:33:34+00:00\" \/>\n<meta property=\"og:image\" content=\"https:\/\/arrel.com\/wp-content\/uploads\/ARREL-INMOBILIARIA-REALTOR-REALESTATE-BARCELONA-COSTA-MARESME-TEIA-PISO-PUEBLO-CENTRO3.jpg\" \/>\n\t<meta property=\"og:image:width\" content=\"1000\" \/>\n\t<meta property=\"og:image:height\" content=\"592\" \/>\n\t<meta property=\"og:image:type\" content=\"image\/jpeg\" \/>\n<meta name=\"twitter:card\" content=\"summary_large_image\" \/>\n<meta name=\"twitter:label1\" content=\"Est. reading time\" \/>\n\t<meta name=\"twitter:data1\" content=\"2 minutes\" \/>\n<script type=\"application\/ld+json\" class=\"yoast-schema-graph\">{\"@context\":\"https:\\\/\\\/schema.org\",\"@graph\":[{\"@type\":\"WebPage\",\"@id\":\"https:\\\/\\\/arrel.com\\\/piso-2-habitaciones-centro-teia\\\/\",\"url\":\"https:\\\/\\\/arrel.com\\\/piso-2-habitaciones-centro-teia\\\/\",\"name\":\"PISO 2 HABITACIONES - CENTRO TEIA - ARREL\",\"isPartOf\":{\"@id\":\"https:\\\/\\\/arrel.com\\\/#website\"},\"primaryImageOfPage\":{\"@id\":\"https:\\\/\\\/arrel.com\\\/piso-2-habitaciones-centro-teia\\\/#primaryimage\"},\"image\":{\"@id\":\"https:\\\/\\\/arrel.com\\\/piso-2-habitaciones-centro-teia\\\/#primaryimage\"},\"thumbnailUrl\":\"https:\\\/\\\/arrel.com\\\/wp-content\\\/uploads\\\/ARREL-INMOBILIARIA-REALTOR-REALESTATE-BARCELONA-COSTA-MARESME-TEIA-PISO-PUEBLO-CENTRO3.jpg\",\"datePublished\":\"2023-09-22T07:37:53+00:00\",\"dateModified\":\"2023-12-28T10:33:34+00:00\",\"description\":\"Piso de dos habitaciones ( 1\u00aa Planta) con salida interior, zona juegos comunitaria y con trastero privado en el centro de Teia\",\"breadcrumb\":{\"@id\":\"https:\\\/\\\/arrel.com\\\/piso-2-habitaciones-centro-teia\\\/#breadcrumb\"},\"inLanguage\":\"ca\",\"potentialAction\":[{\"@type\":\"ReadAction\",\"target\":[\"https:\\\/\\\/arrel.com\\\/piso-2-habitaciones-centro-teia\\\/\"]}]},{\"@type\":\"ImageObject\",\"inLanguage\":\"ca\",\"@id\":\"https:\\\/\\\/arrel.com\\\/piso-2-habitaciones-centro-teia\\\/#primaryimage\",\"url\":\"https:\\\/\\\/arrel.com\\\/wp-content\\\/uploads\\\/ARREL-INMOBILIARIA-REALTOR-REALESTATE-BARCELONA-COSTA-MARESME-TEIA-PISO-PUEBLO-CENTRO3.jpg\",\"contentUrl\":\"https:\\\/\\\/arrel.com\\\/wp-content\\\/uploads\\\/ARREL-INMOBILIARIA-REALTOR-REALESTATE-BARCELONA-COSTA-MARESME-TEIA-PISO-PUEBLO-CENTRO3.jpg\",\"width\":1000,\"height\":592},{\"@type\":\"BreadcrumbList\",\"@id\":\"https:\\\/\\\/arrel.com\\\/piso-2-habitaciones-centro-teia\\\/#breadcrumb\",\"itemListElement\":[{\"@type\":\"ListItem\",\"position\":1,\"name\":\"Portada\",\"item\":\"https:\\\/\\\/arrel.com\\\/ca\\\/\"},{\"@type\":\"ListItem\",\"position\":2,\"name\":\"Cercador d&#8217;immobles\",\"item\":\"https:\\\/\\\/arrel.com\\\/ca\\\/buscador-inmuebles\\\/\"},{\"@type\":\"ListItem\",\"position\":3,\"name\":\"PISO 2 HABITACIONES &#8211; CENTRO TEIA\"}]},{\"@type\":\"WebSite\",\"@id\":\"https:\\\/\\\/arrel.com\\\/#website\",\"url\":\"https:\\\/\\\/arrel.com\\\/\",\"name\":\"ARREL\",\"description\":\"Agencia inmobiliaria en Maresme y Barcelona\",\"publisher\":{\"@id\":\"https:\\\/\\\/arrel.com\\\/#organization\"},\"potentialAction\":[{\"@type\":\"SearchAction\",\"target\":{\"@type\":\"EntryPoint\",\"urlTemplate\":\"https:\\\/\\\/arrel.com\\\/?s={search_term_string}\"},\"query-input\":{\"@type\":\"PropertyValueSpecification\",\"valueRequired\":true,\"valueName\":\"search_term_string\"}}],\"inLanguage\":\"ca\"},{\"@type\":\"Organization\",\"@id\":\"https:\\\/\\\/arrel.com\\\/#organization\",\"name\":\"ARREL\",\"url\":\"https:\\\/\\\/arrel.com\\\/\",\"logo\":{\"@type\":\"ImageObject\",\"inLanguage\":\"ca\",\"@id\":\"https:\\\/\\\/arrel.com\\\/#\\\/schema\\\/logo\\\/image\\\/\",\"url\":\"https:\\\/\\\/arrel.com\\\/wp-content\\\/uploads\\\/logo-arrel.svg\",\"contentUrl\":\"https:\\\/\\\/arrel.com\\\/wp-content\\\/uploads\\\/logo-arrel.svg\",\"width\":93,\"height\":33,\"caption\":\"ARREL\"},\"image\":{\"@id\":\"https:\\\/\\\/arrel.com\\\/#\\\/schema\\\/logo\\\/image\\\/\"}}]}<\/script>\n<!-- \/ Yoast SEO plugin. -->","yoast_head_json":{"title":"PISO 2 HABITACIONES - CENTRO TEIA - ARREL","description":"Piso de dos habitaciones ( 1\u00aa Planta) con salida interior, zona juegos comunitaria y con trastero privado en el centro de Teia","robots":{"index":"index","follow":"follow","max-snippet":"max-snippet:-1","max-image-preview":"max-image-preview:large","max-video-preview":"max-video-preview:-1"},"canonical":"https:\/\/arrel.com\/piso-2-habitaciones-centro-teia\/","og_locale":"ca_ES","og_type":"article","og_title":"PISO 2 HABITACIONES - CENTRO TEIA - ARREL","og_description":"Piso de dos habitaciones ( 1\u00aa Planta) con salida interior, zona juegos comunitaria y con trastero privado en el centro de Teia","og_url":"https:\/\/arrel.com\/piso-2-habitaciones-centro-teia\/","og_site_name":"ARREL","article_modified_time":"2023-12-28T10:33:34+00:00","og_image":[{"width":1000,"height":592,"url":"https:\/\/arrel.com\/wp-content\/uploads\/ARREL-INMOBILIARIA-REALTOR-REALESTATE-BARCELONA-COSTA-MARESME-TEIA-PISO-PUEBLO-CENTRO3.jpg","type":"image\/jpeg"}],"twitter_card":"summary_large_image","twitter_misc":{"Est. reading time":"2 minutes"},"schema":{"@context":"https:\/\/schema.org","@graph":[{"@type":"WebPage","@id":"https:\/\/arrel.com\/piso-2-habitaciones-centro-teia\/","url":"https:\/\/arrel.com\/piso-2-habitaciones-centro-teia\/","name":"PISO 2 HABITACIONES - CENTRO TEIA - ARREL","isPartOf":{"@id":"https:\/\/arrel.com\/#website"},"primaryImageOfPage":{"@id":"https:\/\/arrel.com\/piso-2-habitaciones-centro-teia\/#primaryimage"},"image":{"@id":"https:\/\/arrel.com\/piso-2-habitaciones-centro-teia\/#primaryimage"},"thumbnailUrl":"https:\/\/arrel.com\/wp-content\/uploads\/ARREL-INMOBILIARIA-REALTOR-REALESTATE-BARCELONA-COSTA-MARESME-TEIA-PISO-PUEBLO-CENTRO3.jpg","datePublished":"2023-09-22T07:37:53+00:00","dateModified":"2023-12-28T10:33:34+00:00","description":"Piso de dos habitaciones ( 1\u00aa Planta) con salida interior, zona juegos comunitaria y con trastero privado en el centro de Teia","breadcrumb":{"@id":"https:\/\/arrel.com\/piso-2-habitaciones-centro-teia\/#breadcrumb"},"inLanguage":"ca","potentialAction":[{"@type":"ReadAction","target":["https:\/\/arrel.com\/piso-2-habitaciones-centro-teia\/"]}]},{"@type":"ImageObject","inLanguage":"ca","@id":"https:\/\/arrel.com\/piso-2-habitaciones-centro-teia\/#primaryimage","url":"https:\/\/arrel.com\/wp-content\/uploads\/ARREL-INMOBILIARIA-REALTOR-REALESTATE-BARCELONA-COSTA-MARESME-TEIA-PISO-PUEBLO-CENTRO3.jpg","contentUrl":"https:\/\/arrel.com\/wp-content\/uploads\/ARREL-INMOBILIARIA-REALTOR-REALESTATE-BARCELONA-COSTA-MARESME-TEIA-PISO-PUEBLO-CENTRO3.jpg","width":1000,"height":592},{"@type":"BreadcrumbList","@id":"https:\/\/arrel.com\/piso-2-habitaciones-centro-teia\/#breadcrumb","itemListElement":[{"@type":"ListItem","position":1,"name":"Portada","item":"https:\/\/arrel.com\/ca\/"},{"@type":"ListItem","position":2,"name":"Cercador d&#8217;immobles","item":"https:\/\/arrel.com\/ca\/buscador-inmuebles\/"},{"@type":"ListItem","position":3,"name":"PISO 2 HABITACIONES &#8211; CENTRO TEIA"}]},{"@type":"WebSite","@id":"https:\/\/arrel.com\/#website","url":"https:\/\/arrel.com\/","name":"ARREL","description":"Agencia inmobiliaria en Maresme y Barcelona","publisher":{"@id":"https:\/\/arrel.com\/#organization"},"potentialAction":[{"@type":"SearchAction","target":{"@type":"EntryPoint","urlTemplate":"https:\/\/arrel.com\/?s={search_term_string}"},"query-input":{"@type":"PropertyValueSpecification","valueRequired":true,"valueName":"search_term_string"}}],"inLanguage":"ca"},{"@type":"Organization","@id":"https:\/\/arrel.com\/#organization","name":"ARREL","url":"https:\/\/arrel.com\/","logo":{"@type":"ImageObject","inLanguage":"ca","@id":"https:\/\/arrel.com\/#\/schema\/logo\/image\/","url":"https:\/\/arrel.com\/wp-content\/uploads\/logo-arrel.svg","contentUrl":"https:\/\/arrel.com\/wp-content\/uploads\/logo-arrel.svg","width":93,"height":33,"caption":"ARREL"},"image":{"@id":"https:\/\/arrel.com\/#\/schema\/logo\/image\/"}}]}},"_links":{"self":[{"href":"https:\/\/arrel.com\/ca\/wp-json\/wp\/v2\/product\/4598","targetHints":{"allow":["GET"]}}],"collection":[{"href":"https:\/\/arrel.com\/ca\/wp-json\/wp\/v2\/product"}],"about":[{"href":"https:\/\/arrel.com\/ca\/wp-json\/wp\/v2\/types\/product"}],"wp:featuredmedia":[{"embeddable":true,"href":"https:\/\/arrel.com\/ca\/wp-json\/wp\/v2\/media\/4602"}],"wp:attachment":[{"href":"https:\/\/arrel.com\/ca\/wp-json\/wp\/v2\/media?parent=4598"}],"wp:term":[{"taxonomy":"product_brand","embeddable":true,"href":"https:\/\/arrel.com\/ca\/wp-json\/wp\/v2\/product_brand?post=4598"},{"taxonomy":"product_cat","embeddable":true,"href":"https:\/\/arrel.com\/ca\/wp-json\/wp\/v2\/product_cat?post=4598"},{"taxonomy":"product_tag","embeddable":true,"href":"https:\/\/arrel.com\/ca\/wp-json\/wp\/v2\/product_tag?post=4598"}],"curies":[{"name":"wp","href":"https:\/\/api.w.org\/{rel}","templated":true}]}}