{"id":5393,"date":"2024-02-28T09:46:11","date_gmt":"2024-02-28T09:46:11","guid":{"rendered":"https:\/\/arrel.com\/?post_type=product&#038;p=5393"},"modified":"2024-03-08T18:42:39","modified_gmt":"2024-03-08T18:42:39","slug":"adosada-con-piscina-en-el-centro-de-masnou-ocata","status":"publish","type":"product","link":"https:\/\/arrel.com\/ca\/adosada-con-piscina-en-el-centro-de-masnou-ocata\/","title":{"rendered":"ADOSADA CON PISCINA EN EL CENTRO DE MASNOU- OCATA"},"content":{"rendered":"<p>Hoy desde Arrel Inmobiliaria te presentamos EN EXCLUSIVA esta encantadora casa adosada ubicada en la zona de El Masnou-Ocata, con una superficie de 199 metros cuadrados y construido en el a\u00f1o 2006. Este hermoso inmueble cuenta con 3 dormitorios, perfectos para albergar a toda la familia. Adem\u00e1s, dispone de caracter\u00edsticas que lo hacen a\u00fan m\u00e1s atractivo, como aire acondicionado por conductos, armarios empotrados, una luminosidad excepcional, garaje para dos veh\u00edculos, terraza a nivel del sal\u00f3n de unos 30 metros cuadrados, piscina comunitaria y una acogedora terraza solarium a nivel de la buhardilla, ideal para disfrutar de momentos de relax al aire libre. Esta propiedad es perfecta para aquellos que buscan un hogar espacioso y confortable en una ubicaci\u00f3n privilegiada SIN NECESIDAD DE HACER REFORMAS!!!. No pierdas la oportunidad de visitar esta maravillosa propiedad y ll\u00e1manos ya<\/p>\n","protected":false},"excerpt":{"rendered":"<p>Adosada esquinera en El Masnou &#8211; Ocata construida en 2006, de 199m2 construidos, rehabilitada de 3 habitaciones, 4 ba\u00f1os, garaje y jard\u00edn con piscina comunitaria. Orientaci\u00f3n ( S-E-O ). Zona Familiar y cercana al centro y todos los servicios de la localidad como colegios, transporte p\u00fablica, farmacia y comercios entre otros<\/p>\n","protected":false},"featured_media":5529,"template":"","meta":{"inline_featured_image":false},"product_brand":[],"product_cat":[62],"product_tag":[284,54],"class_list":{"0":"post-5393","1":"product","2":"type-product","3":"status-publish","4":"has-post-thumbnail","6":"product_cat-comprar-maresme","7":"product_tag-compra","8":"product_tag-comprar","10":"first","11":"instock","12":"featured","13":"shipping-taxable","14":"purchasable","15":"product-type-simple"},"acf":[],"yoast_head":"<!-- This site is optimized with the Yoast SEO plugin v27.5 - https:\/\/yoast.com\/product\/yoast-seo-wordpress\/ -->\n<title>ADOSADA CON PISCINA EN EL CENTRO DE MASNOU- OCATA - ARREL<\/title>\n<meta name=\"description\" content=\"Adosada esquinera en Alella de 162m2 construidos de 4 habitaciones, 2 ba\u00f1os, garaje y jard\u00edn con vistas al Mar. Orientaci\u00f3n ( S-E-O )\" \/>\n<meta name=\"robots\" content=\"index, follow, max-snippet:-1, max-image-preview:large, max-video-preview:-1\" \/>\n<link rel=\"canonical\" href=\"https:\/\/arrel.com\/adosada-con-piscina-en-el-centro-de-masnou-ocata\/\" \/>\n<meta property=\"og:locale\" content=\"ca_ES\" \/>\n<meta property=\"og:type\" content=\"article\" \/>\n<meta property=\"og:title\" content=\"ADOSADA CON PISCINA EN EL CENTRO DE MASNOU- OCATA - ARREL\" \/>\n<meta property=\"og:description\" content=\"Adosada esquinera en Alella de 162m2 construidos de 4 habitaciones, 2 ba\u00f1os, garaje y jard\u00edn con vistas al Mar. Orientaci\u00f3n ( S-E-O )\" \/>\n<meta property=\"og:url\" content=\"https:\/\/arrel.com\/adosada-con-piscina-en-el-centro-de-masnou-ocata\/\" \/>\n<meta property=\"og:site_name\" content=\"ARREL\" \/>\n<meta property=\"article:modified_time\" content=\"2024-03-08T18:42:39+00:00\" \/>\n<meta property=\"og:image\" content=\"https:\/\/arrel.com\/wp-content\/uploads\/fcf7815f-0003937041.jpg\" \/>\n\t<meta property=\"og:image:width\" content=\"1440\" \/>\n\t<meta property=\"og:image:height\" content=\"853\" \/>\n\t<meta property=\"og:image:type\" content=\"image\/jpeg\" \/>\n<meta name=\"twitter:card\" content=\"summary_large_image\" \/>\n<meta name=\"twitter:label1\" content=\"Est. reading time\" \/>\n\t<meta name=\"twitter:data1\" content=\"1 minute\" \/>\n<script type=\"application\/ld+json\" class=\"yoast-schema-graph\">{\"@context\":\"https:\\\/\\\/schema.org\",\"@graph\":[{\"@type\":\"WebPage\",\"@id\":\"https:\\\/\\\/arrel.com\\\/adosada-con-piscina-en-el-centro-de-masnou-ocata\\\/\",\"url\":\"https:\\\/\\\/arrel.com\\\/adosada-con-piscina-en-el-centro-de-masnou-ocata\\\/\",\"name\":\"ADOSADA CON PISCINA EN EL CENTRO DE MASNOU- OCATA - ARREL\",\"isPartOf\":{\"@id\":\"https:\\\/\\\/arrel.com\\\/#website\"},\"primaryImageOfPage\":{\"@id\":\"https:\\\/\\\/arrel.com\\\/adosada-con-piscina-en-el-centro-de-masnou-ocata\\\/#primaryimage\"},\"image\":{\"@id\":\"https:\\\/\\\/arrel.com\\\/adosada-con-piscina-en-el-centro-de-masnou-ocata\\\/#primaryimage\"},\"thumbnailUrl\":\"https:\\\/\\\/arrel.com\\\/wp-content\\\/uploads\\\/fcf7815f-0003937041.jpg\",\"datePublished\":\"2024-02-28T09:46:11+00:00\",\"dateModified\":\"2024-03-08T18:42:39+00:00\",\"description\":\"Adosada esquinera en Alella de 162m2 construidos de 4 habitaciones, 2 ba\u00f1os, garaje y jard\u00edn con vistas al Mar. Orientaci\u00f3n ( S-E-O )\",\"breadcrumb\":{\"@id\":\"https:\\\/\\\/arrel.com\\\/adosada-con-piscina-en-el-centro-de-masnou-ocata\\\/#breadcrumb\"},\"inLanguage\":\"ca\",\"potentialAction\":[{\"@type\":\"ReadAction\",\"target\":[\"https:\\\/\\\/arrel.com\\\/adosada-con-piscina-en-el-centro-de-masnou-ocata\\\/\"]}]},{\"@type\":\"ImageObject\",\"inLanguage\":\"ca\",\"@id\":\"https:\\\/\\\/arrel.com\\\/adosada-con-piscina-en-el-centro-de-masnou-ocata\\\/#primaryimage\",\"url\":\"https:\\\/\\\/arrel.com\\\/wp-content\\\/uploads\\\/fcf7815f-0003937041.jpg\",\"contentUrl\":\"https:\\\/\\\/arrel.com\\\/wp-content\\\/uploads\\\/fcf7815f-0003937041.jpg\",\"width\":1440,\"height\":853},{\"@type\":\"BreadcrumbList\",\"@id\":\"https:\\\/\\\/arrel.com\\\/adosada-con-piscina-en-el-centro-de-masnou-ocata\\\/#breadcrumb\",\"itemListElement\":[{\"@type\":\"ListItem\",\"position\":1,\"name\":\"Portada\",\"item\":\"https:\\\/\\\/arrel.com\\\/ca\\\/\"},{\"@type\":\"ListItem\",\"position\":2,\"name\":\"Cercador d&#8217;immobles\",\"item\":\"https:\\\/\\\/arrel.com\\\/ca\\\/buscador-inmuebles\\\/\"},{\"@type\":\"ListItem\",\"position\":3,\"name\":\"ADOSADA CON PISCINA EN EL CENTRO DE MASNOU- OCATA\"}]},{\"@type\":\"WebSite\",\"@id\":\"https:\\\/\\\/arrel.com\\\/#website\",\"url\":\"https:\\\/\\\/arrel.com\\\/\",\"name\":\"ARREL\",\"description\":\"Agencia inmobiliaria en Maresme y Barcelona\",\"publisher\":{\"@id\":\"https:\\\/\\\/arrel.com\\\/#organization\"},\"potentialAction\":[{\"@type\":\"SearchAction\",\"target\":{\"@type\":\"EntryPoint\",\"urlTemplate\":\"https:\\\/\\\/arrel.com\\\/?s={search_term_string}\"},\"query-input\":{\"@type\":\"PropertyValueSpecification\",\"valueRequired\":true,\"valueName\":\"search_term_string\"}}],\"inLanguage\":\"ca\"},{\"@type\":\"Organization\",\"@id\":\"https:\\\/\\\/arrel.com\\\/#organization\",\"name\":\"ARREL\",\"url\":\"https:\\\/\\\/arrel.com\\\/\",\"logo\":{\"@type\":\"ImageObject\",\"inLanguage\":\"ca\",\"@id\":\"https:\\\/\\\/arrel.com\\\/#\\\/schema\\\/logo\\\/image\\\/\",\"url\":\"https:\\\/\\\/arrel.com\\\/wp-content\\\/uploads\\\/logo-arrel.svg\",\"contentUrl\":\"https:\\\/\\\/arrel.com\\\/wp-content\\\/uploads\\\/logo-arrel.svg\",\"width\":93,\"height\":33,\"caption\":\"ARREL\"},\"image\":{\"@id\":\"https:\\\/\\\/arrel.com\\\/#\\\/schema\\\/logo\\\/image\\\/\"}}]}<\/script>\n<!-- \/ Yoast SEO plugin. -->","yoast_head_json":{"title":"ADOSADA CON PISCINA EN EL CENTRO DE MASNOU- OCATA - ARREL","description":"Adosada esquinera en Alella de 162m2 construidos de 4 habitaciones, 2 ba\u00f1os, garaje y jard\u00edn con vistas al Mar. Orientaci\u00f3n ( S-E-O )","robots":{"index":"index","follow":"follow","max-snippet":"max-snippet:-1","max-image-preview":"max-image-preview:large","max-video-preview":"max-video-preview:-1"},"canonical":"https:\/\/arrel.com\/adosada-con-piscina-en-el-centro-de-masnou-ocata\/","og_locale":"ca_ES","og_type":"article","og_title":"ADOSADA CON PISCINA EN EL CENTRO DE MASNOU- OCATA - ARREL","og_description":"Adosada esquinera en Alella de 162m2 construidos de 4 habitaciones, 2 ba\u00f1os, garaje y jard\u00edn con vistas al Mar. Orientaci\u00f3n ( S-E-O )","og_url":"https:\/\/arrel.com\/adosada-con-piscina-en-el-centro-de-masnou-ocata\/","og_site_name":"ARREL","article_modified_time":"2024-03-08T18:42:39+00:00","og_image":[{"width":1440,"height":853,"url":"https:\/\/arrel.com\/wp-content\/uploads\/fcf7815f-0003937041.jpg","type":"image\/jpeg"}],"twitter_card":"summary_large_image","twitter_misc":{"Est. reading time":"1 minute"},"schema":{"@context":"https:\/\/schema.org","@graph":[{"@type":"WebPage","@id":"https:\/\/arrel.com\/adosada-con-piscina-en-el-centro-de-masnou-ocata\/","url":"https:\/\/arrel.com\/adosada-con-piscina-en-el-centro-de-masnou-ocata\/","name":"ADOSADA CON PISCINA EN EL CENTRO DE MASNOU- OCATA - ARREL","isPartOf":{"@id":"https:\/\/arrel.com\/#website"},"primaryImageOfPage":{"@id":"https:\/\/arrel.com\/adosada-con-piscina-en-el-centro-de-masnou-ocata\/#primaryimage"},"image":{"@id":"https:\/\/arrel.com\/adosada-con-piscina-en-el-centro-de-masnou-ocata\/#primaryimage"},"thumbnailUrl":"https:\/\/arrel.com\/wp-content\/uploads\/fcf7815f-0003937041.jpg","datePublished":"2024-02-28T09:46:11+00:00","dateModified":"2024-03-08T18:42:39+00:00","description":"Adosada esquinera en Alella de 162m2 construidos de 4 habitaciones, 2 ba\u00f1os, garaje y jard\u00edn con vistas al Mar. Orientaci\u00f3n ( S-E-O )","breadcrumb":{"@id":"https:\/\/arrel.com\/adosada-con-piscina-en-el-centro-de-masnou-ocata\/#breadcrumb"},"inLanguage":"ca","potentialAction":[{"@type":"ReadAction","target":["https:\/\/arrel.com\/adosada-con-piscina-en-el-centro-de-masnou-ocata\/"]}]},{"@type":"ImageObject","inLanguage":"ca","@id":"https:\/\/arrel.com\/adosada-con-piscina-en-el-centro-de-masnou-ocata\/#primaryimage","url":"https:\/\/arrel.com\/wp-content\/uploads\/fcf7815f-0003937041.jpg","contentUrl":"https:\/\/arrel.com\/wp-content\/uploads\/fcf7815f-0003937041.jpg","width":1440,"height":853},{"@type":"BreadcrumbList","@id":"https:\/\/arrel.com\/adosada-con-piscina-en-el-centro-de-masnou-ocata\/#breadcrumb","itemListElement":[{"@type":"ListItem","position":1,"name":"Portada","item":"https:\/\/arrel.com\/ca\/"},{"@type":"ListItem","position":2,"name":"Cercador d&#8217;immobles","item":"https:\/\/arrel.com\/ca\/buscador-inmuebles\/"},{"@type":"ListItem","position":3,"name":"ADOSADA CON PISCINA EN EL CENTRO DE MASNOU- OCATA"}]},{"@type":"WebSite","@id":"https:\/\/arrel.com\/#website","url":"https:\/\/arrel.com\/","name":"ARREL","description":"Agencia inmobiliaria en Maresme y Barcelona","publisher":{"@id":"https:\/\/arrel.com\/#organization"},"potentialAction":[{"@type":"SearchAction","target":{"@type":"EntryPoint","urlTemplate":"https:\/\/arrel.com\/?s={search_term_string}"},"query-input":{"@type":"PropertyValueSpecification","valueRequired":true,"valueName":"search_term_string"}}],"inLanguage":"ca"},{"@type":"Organization","@id":"https:\/\/arrel.com\/#organization","name":"ARREL","url":"https:\/\/arrel.com\/","logo":{"@type":"ImageObject","inLanguage":"ca","@id":"https:\/\/arrel.com\/#\/schema\/logo\/image\/","url":"https:\/\/arrel.com\/wp-content\/uploads\/logo-arrel.svg","contentUrl":"https:\/\/arrel.com\/wp-content\/uploads\/logo-arrel.svg","width":93,"height":33,"caption":"ARREL"},"image":{"@id":"https:\/\/arrel.com\/#\/schema\/logo\/image\/"}}]}},"_links":{"self":[{"href":"https:\/\/arrel.com\/ca\/wp-json\/wp\/v2\/product\/5393","targetHints":{"allow":["GET"]}}],"collection":[{"href":"https:\/\/arrel.com\/ca\/wp-json\/wp\/v2\/product"}],"about":[{"href":"https:\/\/arrel.com\/ca\/wp-json\/wp\/v2\/types\/product"}],"wp:featuredmedia":[{"embeddable":true,"href":"https:\/\/arrel.com\/ca\/wp-json\/wp\/v2\/media\/5529"}],"wp:attachment":[{"href":"https:\/\/arrel.com\/ca\/wp-json\/wp\/v2\/media?parent=5393"}],"wp:term":[{"taxonomy":"product_brand","embeddable":true,"href":"https:\/\/arrel.com\/ca\/wp-json\/wp\/v2\/product_brand?post=5393"},{"taxonomy":"product_cat","embeddable":true,"href":"https:\/\/arrel.com\/ca\/wp-json\/wp\/v2\/product_cat?post=5393"},{"taxonomy":"product_tag","embeddable":true,"href":"https:\/\/arrel.com\/ca\/wp-json\/wp\/v2\/product_tag?post=5393"}],"curies":[{"name":"wp","href":"https:\/\/api.w.org\/{rel}","templated":true}]}}