{"id":5534,"date":"2024-03-15T10:08:06","date_gmt":"2024-03-15T10:08:06","guid":{"rendered":"https:\/\/arrel.com\/?post_type=product&#038;p=5534"},"modified":"2024-03-15T10:22:15","modified_gmt":"2024-03-15T10:22:15","slug":"chalet-con-2-viviendas-a-reformar-alella","status":"publish","type":"product","link":"https:\/\/arrel.com\/ca\/chalet-con-2-viviendas-a-reformar-alella\/","title":{"rendered":"CHALET INDEPENDIENTE DE OBRA VISTA EN ALELLA"},"content":{"rendered":"<p>Hoy de desde Arrel inmobiliaria te damos la oportunidad de adquirir este bonito chalet con parcela de 1034m2 y 230m2 de vivienda en la localidad de Alella.<br \/>\nCon su concepto de dos viviendas independientes, es ideal para aquellas familias que precisen tener un espacio para sus mayores, d\u00e1ndoles toda la independencia necesaria.<br \/>\nA nivel de planta baja, disponemos del primer piso con Sal\u00f3n comedor, cocina y habitaci\u00f3n suite con su propio ba\u00f1o con ducha.<br \/>\nEn el mismo nivel, tambi\u00e9n encontramos correspondiente a la segunda vivienda el sal\u00f3n comedor, cocina y ba\u00f1o de cortes\u00eda.<br \/>\nYa en la planta superior, dispondremos de habitaci\u00f3n suite con su ba\u00f1o y salida a terraza privada, 3 habitaciones amplias, y ba\u00f1o completo con ba\u00f1era.<\/p>\n<p>Esta propiedad es perfecta para aquellos que buscan un hogar espacioso y confortable en una ubicaci\u00f3n Tranquila y bien comunicada. No pierdas la oportunidad de visitar esta maravillosa propiedad y ll\u00e1manos ya.<\/p>\n","protected":false},"excerpt":{"rendered":"<p>Chalet con de obra vista de 230m2 construidos y 1034m2 de parcela con un total de 6 habitaciones, 4 ba\u00f1os y zona jardinada.<\/p>\n","protected":false},"featured_media":5580,"template":"","meta":{"inline_featured_image":false},"product_brand":[],"product_cat":[62],"product_tag":[54],"class_list":{"0":"post-5534","1":"product","2":"type-product","3":"status-publish","4":"has-post-thumbnail","6":"product_cat-comprar-maresme","7":"product_tag-comprar","9":"first","10":"instock","11":"shipping-taxable","12":"purchasable","13":"product-type-simple"},"acf":[],"yoast_head":"<!-- This site is optimized with the Yoast SEO plugin v27.5 - https:\/\/yoast.com\/product\/yoast-seo-wordpress\/ -->\n<title>CHALET INDEPENDIENTE DE OBRA VISTA EN ALELLA - ARREL<\/title>\n<meta name=\"description\" content=\"Chalet a 4 vientos, con dos viviendas. dispone de 6 habitaciones y 4 ba\u00f1os, en la localidad de Alella, Barcelona\" \/>\n<meta name=\"robots\" content=\"index, follow, max-snippet:-1, max-image-preview:large, max-video-preview:-1\" \/>\n<link rel=\"canonical\" href=\"https:\/\/arrel.com\/chalet-con-2-viviendas-a-reformar-alella\/\" \/>\n<meta property=\"og:locale\" content=\"ca_ES\" \/>\n<meta property=\"og:type\" content=\"article\" \/>\n<meta property=\"og:title\" content=\"CHALET INDEPENDIENTE DE OBRA VISTA EN ALELLA - ARREL\" \/>\n<meta property=\"og:description\" content=\"Chalet a 4 vientos, con dos viviendas. dispone de 6 habitaciones y 4 ba\u00f1os, en la localidad de Alella, Barcelona\" \/>\n<meta property=\"og:url\" content=\"https:\/\/arrel.com\/chalet-con-2-viviendas-a-reformar-alella\/\" \/>\n<meta property=\"og:site_name\" content=\"ARREL\" \/>\n<meta property=\"article:modified_time\" content=\"2024-03-15T10:22:15+00:00\" \/>\n<meta property=\"og:image\" content=\"https:\/\/arrel.com\/wp-content\/uploads\/ARREL-ALELLA-INMSTOBILIARIA-BALCON-VISTA-JARDIN-CHALET-PARCELA-AL-3609-16.jpg\" \/>\n\t<meta property=\"og:image:width\" content=\"1440\" \/>\n\t<meta property=\"og:image:height\" content=\"853\" \/>\n\t<meta property=\"og:image:type\" content=\"image\/jpeg\" \/>\n<meta name=\"twitter:card\" content=\"summary_large_image\" \/>\n<meta name=\"twitter:label1\" content=\"Est. reading time\" \/>\n\t<meta name=\"twitter:data1\" content=\"1 minute\" \/>\n<script type=\"application\/ld+json\" class=\"yoast-schema-graph\">{\"@context\":\"https:\\\/\\\/schema.org\",\"@graph\":[{\"@type\":\"WebPage\",\"@id\":\"https:\\\/\\\/arrel.com\\\/chalet-con-2-viviendas-a-reformar-alella\\\/\",\"url\":\"https:\\\/\\\/arrel.com\\\/chalet-con-2-viviendas-a-reformar-alella\\\/\",\"name\":\"CHALET INDEPENDIENTE DE OBRA VISTA EN ALELLA - ARREL\",\"isPartOf\":{\"@id\":\"https:\\\/\\\/arrel.com\\\/#website\"},\"primaryImageOfPage\":{\"@id\":\"https:\\\/\\\/arrel.com\\\/chalet-con-2-viviendas-a-reformar-alella\\\/#primaryimage\"},\"image\":{\"@id\":\"https:\\\/\\\/arrel.com\\\/chalet-con-2-viviendas-a-reformar-alella\\\/#primaryimage\"},\"thumbnailUrl\":\"https:\\\/\\\/arrel.com\\\/wp-content\\\/uploads\\\/ARREL-ALELLA-INMSTOBILIARIA-BALCON-VISTA-JARDIN-CHALET-PARCELA-AL-3609-16.jpg\",\"datePublished\":\"2024-03-15T10:08:06+00:00\",\"dateModified\":\"2024-03-15T10:22:15+00:00\",\"description\":\"Chalet a 4 vientos, con dos viviendas. dispone de 6 habitaciones y 4 ba\u00f1os, en la localidad de Alella, Barcelona\",\"breadcrumb\":{\"@id\":\"https:\\\/\\\/arrel.com\\\/chalet-con-2-viviendas-a-reformar-alella\\\/#breadcrumb\"},\"inLanguage\":\"ca\",\"potentialAction\":[{\"@type\":\"ReadAction\",\"target\":[\"https:\\\/\\\/arrel.com\\\/chalet-con-2-viviendas-a-reformar-alella\\\/\"]}]},{\"@type\":\"ImageObject\",\"inLanguage\":\"ca\",\"@id\":\"https:\\\/\\\/arrel.com\\\/chalet-con-2-viviendas-a-reformar-alella\\\/#primaryimage\",\"url\":\"https:\\\/\\\/arrel.com\\\/wp-content\\\/uploads\\\/ARREL-ALELLA-INMSTOBILIARIA-BALCON-VISTA-JARDIN-CHALET-PARCELA-AL-3609-16.jpg\",\"contentUrl\":\"https:\\\/\\\/arrel.com\\\/wp-content\\\/uploads\\\/ARREL-ALELLA-INMSTOBILIARIA-BALCON-VISTA-JARDIN-CHALET-PARCELA-AL-3609-16.jpg\",\"width\":1440,\"height\":853},{\"@type\":\"BreadcrumbList\",\"@id\":\"https:\\\/\\\/arrel.com\\\/chalet-con-2-viviendas-a-reformar-alella\\\/#breadcrumb\",\"itemListElement\":[{\"@type\":\"ListItem\",\"position\":1,\"name\":\"Portada\",\"item\":\"https:\\\/\\\/arrel.com\\\/ca\\\/\"},{\"@type\":\"ListItem\",\"position\":2,\"name\":\"Cercador d&#8217;immobles\",\"item\":\"https:\\\/\\\/arrel.com\\\/ca\\\/buscador-inmuebles\\\/\"},{\"@type\":\"ListItem\",\"position\":3,\"name\":\"CHALET INDEPENDIENTE DE OBRA VISTA EN ALELLA\"}]},{\"@type\":\"WebSite\",\"@id\":\"https:\\\/\\\/arrel.com\\\/#website\",\"url\":\"https:\\\/\\\/arrel.com\\\/\",\"name\":\"ARREL\",\"description\":\"Agencia inmobiliaria en Maresme y Barcelona\",\"publisher\":{\"@id\":\"https:\\\/\\\/arrel.com\\\/#organization\"},\"potentialAction\":[{\"@type\":\"SearchAction\",\"target\":{\"@type\":\"EntryPoint\",\"urlTemplate\":\"https:\\\/\\\/arrel.com\\\/?s={search_term_string}\"},\"query-input\":{\"@type\":\"PropertyValueSpecification\",\"valueRequired\":true,\"valueName\":\"search_term_string\"}}],\"inLanguage\":\"ca\"},{\"@type\":\"Organization\",\"@id\":\"https:\\\/\\\/arrel.com\\\/#organization\",\"name\":\"ARREL\",\"url\":\"https:\\\/\\\/arrel.com\\\/\",\"logo\":{\"@type\":\"ImageObject\",\"inLanguage\":\"ca\",\"@id\":\"https:\\\/\\\/arrel.com\\\/#\\\/schema\\\/logo\\\/image\\\/\",\"url\":\"https:\\\/\\\/arrel.com\\\/wp-content\\\/uploads\\\/logo-arrel.svg\",\"contentUrl\":\"https:\\\/\\\/arrel.com\\\/wp-content\\\/uploads\\\/logo-arrel.svg\",\"width\":93,\"height\":33,\"caption\":\"ARREL\"},\"image\":{\"@id\":\"https:\\\/\\\/arrel.com\\\/#\\\/schema\\\/logo\\\/image\\\/\"}}]}<\/script>\n<!-- \/ Yoast SEO plugin. -->","yoast_head_json":{"title":"CHALET INDEPENDIENTE DE OBRA VISTA EN ALELLA - ARREL","description":"Chalet a 4 vientos, con dos viviendas. dispone de 6 habitaciones y 4 ba\u00f1os, en la localidad de Alella, Barcelona","robots":{"index":"index","follow":"follow","max-snippet":"max-snippet:-1","max-image-preview":"max-image-preview:large","max-video-preview":"max-video-preview:-1"},"canonical":"https:\/\/arrel.com\/chalet-con-2-viviendas-a-reformar-alella\/","og_locale":"ca_ES","og_type":"article","og_title":"CHALET INDEPENDIENTE DE OBRA VISTA EN ALELLA - ARREL","og_description":"Chalet a 4 vientos, con dos viviendas. dispone de 6 habitaciones y 4 ba\u00f1os, en la localidad de Alella, Barcelona","og_url":"https:\/\/arrel.com\/chalet-con-2-viviendas-a-reformar-alella\/","og_site_name":"ARREL","article_modified_time":"2024-03-15T10:22:15+00:00","og_image":[{"width":1440,"height":853,"url":"https:\/\/arrel.com\/wp-content\/uploads\/ARREL-ALELLA-INMSTOBILIARIA-BALCON-VISTA-JARDIN-CHALET-PARCELA-AL-3609-16.jpg","type":"image\/jpeg"}],"twitter_card":"summary_large_image","twitter_misc":{"Est. reading time":"1 minute"},"schema":{"@context":"https:\/\/schema.org","@graph":[{"@type":"WebPage","@id":"https:\/\/arrel.com\/chalet-con-2-viviendas-a-reformar-alella\/","url":"https:\/\/arrel.com\/chalet-con-2-viviendas-a-reformar-alella\/","name":"CHALET INDEPENDIENTE DE OBRA VISTA EN ALELLA - ARREL","isPartOf":{"@id":"https:\/\/arrel.com\/#website"},"primaryImageOfPage":{"@id":"https:\/\/arrel.com\/chalet-con-2-viviendas-a-reformar-alella\/#primaryimage"},"image":{"@id":"https:\/\/arrel.com\/chalet-con-2-viviendas-a-reformar-alella\/#primaryimage"},"thumbnailUrl":"https:\/\/arrel.com\/wp-content\/uploads\/ARREL-ALELLA-INMSTOBILIARIA-BALCON-VISTA-JARDIN-CHALET-PARCELA-AL-3609-16.jpg","datePublished":"2024-03-15T10:08:06+00:00","dateModified":"2024-03-15T10:22:15+00:00","description":"Chalet a 4 vientos, con dos viviendas. dispone de 6 habitaciones y 4 ba\u00f1os, en la localidad de Alella, Barcelona","breadcrumb":{"@id":"https:\/\/arrel.com\/chalet-con-2-viviendas-a-reformar-alella\/#breadcrumb"},"inLanguage":"ca","potentialAction":[{"@type":"ReadAction","target":["https:\/\/arrel.com\/chalet-con-2-viviendas-a-reformar-alella\/"]}]},{"@type":"ImageObject","inLanguage":"ca","@id":"https:\/\/arrel.com\/chalet-con-2-viviendas-a-reformar-alella\/#primaryimage","url":"https:\/\/arrel.com\/wp-content\/uploads\/ARREL-ALELLA-INMSTOBILIARIA-BALCON-VISTA-JARDIN-CHALET-PARCELA-AL-3609-16.jpg","contentUrl":"https:\/\/arrel.com\/wp-content\/uploads\/ARREL-ALELLA-INMSTOBILIARIA-BALCON-VISTA-JARDIN-CHALET-PARCELA-AL-3609-16.jpg","width":1440,"height":853},{"@type":"BreadcrumbList","@id":"https:\/\/arrel.com\/chalet-con-2-viviendas-a-reformar-alella\/#breadcrumb","itemListElement":[{"@type":"ListItem","position":1,"name":"Portada","item":"https:\/\/arrel.com\/ca\/"},{"@type":"ListItem","position":2,"name":"Cercador d&#8217;immobles","item":"https:\/\/arrel.com\/ca\/buscador-inmuebles\/"},{"@type":"ListItem","position":3,"name":"CHALET INDEPENDIENTE DE OBRA VISTA EN ALELLA"}]},{"@type":"WebSite","@id":"https:\/\/arrel.com\/#website","url":"https:\/\/arrel.com\/","name":"ARREL","description":"Agencia inmobiliaria en Maresme y Barcelona","publisher":{"@id":"https:\/\/arrel.com\/#organization"},"potentialAction":[{"@type":"SearchAction","target":{"@type":"EntryPoint","urlTemplate":"https:\/\/arrel.com\/?s={search_term_string}"},"query-input":{"@type":"PropertyValueSpecification","valueRequired":true,"valueName":"search_term_string"}}],"inLanguage":"ca"},{"@type":"Organization","@id":"https:\/\/arrel.com\/#organization","name":"ARREL","url":"https:\/\/arrel.com\/","logo":{"@type":"ImageObject","inLanguage":"ca","@id":"https:\/\/arrel.com\/#\/schema\/logo\/image\/","url":"https:\/\/arrel.com\/wp-content\/uploads\/logo-arrel.svg","contentUrl":"https:\/\/arrel.com\/wp-content\/uploads\/logo-arrel.svg","width":93,"height":33,"caption":"ARREL"},"image":{"@id":"https:\/\/arrel.com\/#\/schema\/logo\/image\/"}}]}},"_links":{"self":[{"href":"https:\/\/arrel.com\/ca\/wp-json\/wp\/v2\/product\/5534","targetHints":{"allow":["GET"]}}],"collection":[{"href":"https:\/\/arrel.com\/ca\/wp-json\/wp\/v2\/product"}],"about":[{"href":"https:\/\/arrel.com\/ca\/wp-json\/wp\/v2\/types\/product"}],"wp:featuredmedia":[{"embeddable":true,"href":"https:\/\/arrel.com\/ca\/wp-json\/wp\/v2\/media\/5580"}],"wp:attachment":[{"href":"https:\/\/arrel.com\/ca\/wp-json\/wp\/v2\/media?parent=5534"}],"wp:term":[{"taxonomy":"product_brand","embeddable":true,"href":"https:\/\/arrel.com\/ca\/wp-json\/wp\/v2\/product_brand?post=5534"},{"taxonomy":"product_cat","embeddable":true,"href":"https:\/\/arrel.com\/ca\/wp-json\/wp\/v2\/product_cat?post=5534"},{"taxonomy":"product_tag","embeddable":true,"href":"https:\/\/arrel.com\/ca\/wp-json\/wp\/v2\/product_tag?post=5534"}],"curies":[{"name":"wp","href":"https:\/\/api.w.org\/{rel}","templated":true}]}}