{"id":5641,"date":"2024-04-10T09:28:49","date_gmt":"2024-04-10T09:28:49","guid":{"rendered":"https:\/\/arrel.com\/?post_type=product&#038;p=5641"},"modified":"2024-04-10T10:05:24","modified_gmt":"2024-04-10T10:05:24","slug":"piso-alella-centro-pueblo-vistas","status":"publish","type":"product","link":"https:\/\/arrel.com\/ca\/piso-alella-centro-pueblo-vistas\/","title":{"rendered":"PISO CON VISTAS AL MAR &#8211; ZONA CENTRO DE ALELLA"},"content":{"rendered":"<p>\u00a1Bienvenido a esta encantadora propiedad en el centro de Alella! Este espacioso piso de 92 metros cuadrados ofrece un ambiente luminoso y acogedor con impresionantes vistas a la monta\u00f1a y al mar. Construido en 1998, este piso cuenta con 3 dormitorios, 2 ba\u00f1os, armarios empotrados, calefacci\u00f3n individual de gas natural, trastero y garaje.<\/p>\n<p>Ubicado en una zona privilegiada, este piso es perfecto para aquellos que buscan comodidad y tranquilidad. Con una excelente distribuci\u00f3n y una ubicaci\u00f3n soleada, este hogar es ideal para disfrutar de la vida en Alella. No pierdas la oportunidad de vivir en este maravilloso lugar que te ofrece lo mejor de la vida urbana y la belleza natural. \u00a1Cont\u00e1ctanos para programar una visita y descubrir tu pr\u00f3ximo hogar!<\/p>\n","protected":false},"excerpt":{"rendered":"<p>Piso a 10 min del centro de alella, de 3 habitaciones con salida a balc\u00f3n, parking y trastero<\/p>\n","protected":false},"featured_media":5735,"template":"","meta":{"inline_featured_image":false},"product_brand":[],"product_cat":[62],"product_tag":[54],"class_list":{"0":"post-5641","1":"product","2":"type-product","3":"status-publish","4":"has-post-thumbnail","6":"product_cat-comprar-maresme","7":"product_tag-comprar","9":"first","10":"instock","11":"shipping-taxable","12":"purchasable","13":"product-type-simple"},"acf":[],"yoast_head":"<!-- This site is optimized with the Yoast SEO plugin v27.4 - https:\/\/yoast.com\/product\/yoast-seo-wordpress\/ -->\n<title>PISO CON VISTAS AL MAR - ZONA CENTRO DE ALELLA<\/title>\n<meta name=\"description\" content=\"Piso planta baja orientada a sur, de una habitaci\u00f3n con salida a terraza privada de 20m2 en el centro del pueblo de Alella.\" \/>\n<meta name=\"robots\" content=\"index, follow, max-snippet:-1, max-image-preview:large, max-video-preview:-1\" \/>\n<link rel=\"canonical\" href=\"https:\/\/arrel.com\/piso-alella-centro-pueblo-vistas\/\" \/>\n<meta property=\"og:locale\" content=\"ca_ES\" \/>\n<meta property=\"og:type\" content=\"article\" \/>\n<meta property=\"og:title\" content=\"PISO CON VISTAS AL MAR - ZONA CENTRO DE ALELLA\" \/>\n<meta property=\"og:description\" content=\"Piso planta baja orientada a sur, de una habitaci\u00f3n con salida a terraza privada de 20m2 en el centro del pueblo de Alella.\" \/>\n<meta property=\"og:url\" content=\"https:\/\/arrel.com\/piso-alella-centro-pueblo-vistas\/\" \/>\n<meta property=\"og:site_name\" content=\"ARREL\" \/>\n<meta property=\"article:modified_time\" content=\"2024-04-10T10:05:24+00:00\" \/>\n<meta property=\"og:image\" content=\"https:\/\/arrel.com\/wp-content\/uploads\/ARREL-ALELLA-PISO-BALCON-CENTRO-PUEBLO-GARAJE-TRASTERO-32.jpg\" \/>\n\t<meta property=\"og:image:width\" content=\"1440\" \/>\n\t<meta property=\"og:image:height\" content=\"853\" \/>\n\t<meta property=\"og:image:type\" content=\"image\/jpeg\" \/>\n<meta name=\"twitter:card\" content=\"summary_large_image\" \/>\n<meta name=\"twitter:label1\" content=\"Est. reading time\" \/>\n\t<meta name=\"twitter:data1\" content=\"1 minute\" \/>\n<script type=\"application\/ld+json\" class=\"yoast-schema-graph\">{\"@context\":\"https:\\\/\\\/schema.org\",\"@graph\":[{\"@type\":\"WebPage\",\"@id\":\"https:\\\/\\\/arrel.com\\\/piso-alella-centro-pueblo-vistas\\\/\",\"url\":\"https:\\\/\\\/arrel.com\\\/piso-alella-centro-pueblo-vistas\\\/\",\"name\":\"PISO CON VISTAS AL MAR - ZONA CENTRO DE ALELLA\",\"isPartOf\":{\"@id\":\"https:\\\/\\\/arrel.com\\\/#website\"},\"primaryImageOfPage\":{\"@id\":\"https:\\\/\\\/arrel.com\\\/piso-alella-centro-pueblo-vistas\\\/#primaryimage\"},\"image\":{\"@id\":\"https:\\\/\\\/arrel.com\\\/piso-alella-centro-pueblo-vistas\\\/#primaryimage\"},\"thumbnailUrl\":\"https:\\\/\\\/arrel.com\\\/wp-content\\\/uploads\\\/ARREL-ALELLA-PISO-BALCON-CENTRO-PUEBLO-GARAJE-TRASTERO-32.jpg\",\"datePublished\":\"2024-04-10T09:28:49+00:00\",\"dateModified\":\"2024-04-10T10:05:24+00:00\",\"description\":\"Piso planta baja orientada a sur, de una habitaci\u00f3n con salida a terraza privada de 20m2 en el centro del pueblo de Alella.\",\"breadcrumb\":{\"@id\":\"https:\\\/\\\/arrel.com\\\/piso-alella-centro-pueblo-vistas\\\/#breadcrumb\"},\"inLanguage\":\"ca\",\"potentialAction\":[{\"@type\":\"ReadAction\",\"target\":[\"https:\\\/\\\/arrel.com\\\/piso-alella-centro-pueblo-vistas\\\/\"]}]},{\"@type\":\"ImageObject\",\"inLanguage\":\"ca\",\"@id\":\"https:\\\/\\\/arrel.com\\\/piso-alella-centro-pueblo-vistas\\\/#primaryimage\",\"url\":\"https:\\\/\\\/arrel.com\\\/wp-content\\\/uploads\\\/ARREL-ALELLA-PISO-BALCON-CENTRO-PUEBLO-GARAJE-TRASTERO-32.jpg\",\"contentUrl\":\"https:\\\/\\\/arrel.com\\\/wp-content\\\/uploads\\\/ARREL-ALELLA-PISO-BALCON-CENTRO-PUEBLO-GARAJE-TRASTERO-32.jpg\",\"width\":1440,\"height\":853},{\"@type\":\"BreadcrumbList\",\"@id\":\"https:\\\/\\\/arrel.com\\\/piso-alella-centro-pueblo-vistas\\\/#breadcrumb\",\"itemListElement\":[{\"@type\":\"ListItem\",\"position\":1,\"name\":\"Portada\",\"item\":\"https:\\\/\\\/arrel.com\\\/ca\\\/\"},{\"@type\":\"ListItem\",\"position\":2,\"name\":\"Cercador d&#8217;immobles\",\"item\":\"https:\\\/\\\/arrel.com\\\/ca\\\/buscador-inmuebles\\\/\"},{\"@type\":\"ListItem\",\"position\":3,\"name\":\"PISO CON VISTAS AL MAR &#8211; ZONA CENTRO DE ALELLA\"}]},{\"@type\":\"WebSite\",\"@id\":\"https:\\\/\\\/arrel.com\\\/#website\",\"url\":\"https:\\\/\\\/arrel.com\\\/\",\"name\":\"ARREL\",\"description\":\"Agencia inmobiliaria en Maresme y Barcelona\",\"publisher\":{\"@id\":\"https:\\\/\\\/arrel.com\\\/#organization\"},\"potentialAction\":[{\"@type\":\"SearchAction\",\"target\":{\"@type\":\"EntryPoint\",\"urlTemplate\":\"https:\\\/\\\/arrel.com\\\/?s={search_term_string}\"},\"query-input\":{\"@type\":\"PropertyValueSpecification\",\"valueRequired\":true,\"valueName\":\"search_term_string\"}}],\"inLanguage\":\"ca\"},{\"@type\":\"Organization\",\"@id\":\"https:\\\/\\\/arrel.com\\\/#organization\",\"name\":\"ARREL\",\"url\":\"https:\\\/\\\/arrel.com\\\/\",\"logo\":{\"@type\":\"ImageObject\",\"inLanguage\":\"ca\",\"@id\":\"https:\\\/\\\/arrel.com\\\/#\\\/schema\\\/logo\\\/image\\\/\",\"url\":\"https:\\\/\\\/arrel.com\\\/wp-content\\\/uploads\\\/logo-arrel.svg\",\"contentUrl\":\"https:\\\/\\\/arrel.com\\\/wp-content\\\/uploads\\\/logo-arrel.svg\",\"width\":93,\"height\":33,\"caption\":\"ARREL\"},\"image\":{\"@id\":\"https:\\\/\\\/arrel.com\\\/#\\\/schema\\\/logo\\\/image\\\/\"}}]}<\/script>\n<!-- \/ Yoast SEO plugin. -->","yoast_head_json":{"title":"PISO CON VISTAS AL MAR - ZONA CENTRO DE ALELLA","description":"Piso planta baja orientada a sur, de una habitaci\u00f3n con salida a terraza privada de 20m2 en el centro del pueblo de Alella.","robots":{"index":"index","follow":"follow","max-snippet":"max-snippet:-1","max-image-preview":"max-image-preview:large","max-video-preview":"max-video-preview:-1"},"canonical":"https:\/\/arrel.com\/piso-alella-centro-pueblo-vistas\/","og_locale":"ca_ES","og_type":"article","og_title":"PISO CON VISTAS AL MAR - ZONA CENTRO DE ALELLA","og_description":"Piso planta baja orientada a sur, de una habitaci\u00f3n con salida a terraza privada de 20m2 en el centro del pueblo de Alella.","og_url":"https:\/\/arrel.com\/piso-alella-centro-pueblo-vistas\/","og_site_name":"ARREL","article_modified_time":"2024-04-10T10:05:24+00:00","og_image":[{"width":1440,"height":853,"url":"https:\/\/arrel.com\/wp-content\/uploads\/ARREL-ALELLA-PISO-BALCON-CENTRO-PUEBLO-GARAJE-TRASTERO-32.jpg","type":"image\/jpeg"}],"twitter_card":"summary_large_image","twitter_misc":{"Est. reading time":"1 minute"},"schema":{"@context":"https:\/\/schema.org","@graph":[{"@type":"WebPage","@id":"https:\/\/arrel.com\/piso-alella-centro-pueblo-vistas\/","url":"https:\/\/arrel.com\/piso-alella-centro-pueblo-vistas\/","name":"PISO CON VISTAS AL MAR - ZONA CENTRO DE ALELLA","isPartOf":{"@id":"https:\/\/arrel.com\/#website"},"primaryImageOfPage":{"@id":"https:\/\/arrel.com\/piso-alella-centro-pueblo-vistas\/#primaryimage"},"image":{"@id":"https:\/\/arrel.com\/piso-alella-centro-pueblo-vistas\/#primaryimage"},"thumbnailUrl":"https:\/\/arrel.com\/wp-content\/uploads\/ARREL-ALELLA-PISO-BALCON-CENTRO-PUEBLO-GARAJE-TRASTERO-32.jpg","datePublished":"2024-04-10T09:28:49+00:00","dateModified":"2024-04-10T10:05:24+00:00","description":"Piso planta baja orientada a sur, de una habitaci\u00f3n con salida a terraza privada de 20m2 en el centro del pueblo de Alella.","breadcrumb":{"@id":"https:\/\/arrel.com\/piso-alella-centro-pueblo-vistas\/#breadcrumb"},"inLanguage":"ca","potentialAction":[{"@type":"ReadAction","target":["https:\/\/arrel.com\/piso-alella-centro-pueblo-vistas\/"]}]},{"@type":"ImageObject","inLanguage":"ca","@id":"https:\/\/arrel.com\/piso-alella-centro-pueblo-vistas\/#primaryimage","url":"https:\/\/arrel.com\/wp-content\/uploads\/ARREL-ALELLA-PISO-BALCON-CENTRO-PUEBLO-GARAJE-TRASTERO-32.jpg","contentUrl":"https:\/\/arrel.com\/wp-content\/uploads\/ARREL-ALELLA-PISO-BALCON-CENTRO-PUEBLO-GARAJE-TRASTERO-32.jpg","width":1440,"height":853},{"@type":"BreadcrumbList","@id":"https:\/\/arrel.com\/piso-alella-centro-pueblo-vistas\/#breadcrumb","itemListElement":[{"@type":"ListItem","position":1,"name":"Portada","item":"https:\/\/arrel.com\/ca\/"},{"@type":"ListItem","position":2,"name":"Cercador d&#8217;immobles","item":"https:\/\/arrel.com\/ca\/buscador-inmuebles\/"},{"@type":"ListItem","position":3,"name":"PISO CON VISTAS AL MAR &#8211; ZONA CENTRO DE ALELLA"}]},{"@type":"WebSite","@id":"https:\/\/arrel.com\/#website","url":"https:\/\/arrel.com\/","name":"ARREL","description":"Agencia inmobiliaria en Maresme y Barcelona","publisher":{"@id":"https:\/\/arrel.com\/#organization"},"potentialAction":[{"@type":"SearchAction","target":{"@type":"EntryPoint","urlTemplate":"https:\/\/arrel.com\/?s={search_term_string}"},"query-input":{"@type":"PropertyValueSpecification","valueRequired":true,"valueName":"search_term_string"}}],"inLanguage":"ca"},{"@type":"Organization","@id":"https:\/\/arrel.com\/#organization","name":"ARREL","url":"https:\/\/arrel.com\/","logo":{"@type":"ImageObject","inLanguage":"ca","@id":"https:\/\/arrel.com\/#\/schema\/logo\/image\/","url":"https:\/\/arrel.com\/wp-content\/uploads\/logo-arrel.svg","contentUrl":"https:\/\/arrel.com\/wp-content\/uploads\/logo-arrel.svg","width":93,"height":33,"caption":"ARREL"},"image":{"@id":"https:\/\/arrel.com\/#\/schema\/logo\/image\/"}}]}},"_links":{"self":[{"href":"https:\/\/arrel.com\/ca\/wp-json\/wp\/v2\/product\/5641","targetHints":{"allow":["GET"]}}],"collection":[{"href":"https:\/\/arrel.com\/ca\/wp-json\/wp\/v2\/product"}],"about":[{"href":"https:\/\/arrel.com\/ca\/wp-json\/wp\/v2\/types\/product"}],"wp:featuredmedia":[{"embeddable":true,"href":"https:\/\/arrel.com\/ca\/wp-json\/wp\/v2\/media\/5735"}],"wp:attachment":[{"href":"https:\/\/arrel.com\/ca\/wp-json\/wp\/v2\/media?parent=5641"}],"wp:term":[{"taxonomy":"product_brand","embeddable":true,"href":"https:\/\/arrel.com\/ca\/wp-json\/wp\/v2\/product_brand?post=5641"},{"taxonomy":"product_cat","embeddable":true,"href":"https:\/\/arrel.com\/ca\/wp-json\/wp\/v2\/product_cat?post=5641"},{"taxonomy":"product_tag","embeddable":true,"href":"https:\/\/arrel.com\/ca\/wp-json\/wp\/v2\/product_tag?post=5641"}],"curies":[{"name":"wp","href":"https:\/\/api.w.org\/{rel}","templated":true}]}}