{"id":3920,"date":"2023-02-23T17:39:04","date_gmt":"2023-02-23T17:39:04","guid":{"rendered":"https:\/\/arrel.com\/?post_type=product&#038;p=3920"},"modified":"2024-02-29T10:56:32","modified_gmt":"2024-02-29T10:56:32","slug":"chalet-vistas-mar-alella","status":"publish","type":"product","link":"https:\/\/arrel.com\/en\/chalet-vistas-mar-alella\/","title":{"rendered":"CHALET DE UNA SOLA PLANTA CON VISTAS AL MAR EN ALELLA"},"content":{"rendered":"<p>Quien no ha fantaseado con tener un hogar con vistas espectaculares al mar en una sola planta, una gran parcela llana con su piscina gozando de la tranquilidad y privacidad de los vecinos?<br \/>\nPues aqu\u00ed tienes tu gran oportunidad con este maravilloso chalet, en la costa del Maresme, en la localidad de Alella, a solo 18 km de Barcelona.<br \/>\nCon una parcela llana de 1178m2, esta vivienda tiene una orientaci\u00f3n ideal al sur con unas vistas envidiables al Mar Mediterraneo. Distribuida en una sola planta, en sus aprox 200m2 dispone de sal\u00f3n comedor, sala de estar, cocina office, lavadero, 2 ba\u00f1os completos y 3 habitaciones, una de ellas suite con posibilidad de dividirla y obtener una cuarta habitaci\u00f3n.<br \/>\nCuenta infinidad de posibilidades y materiales de primera calidad que nos invit\u00e1ndonos a gozar del aire libre, la luz en todas sus estancias ysin la necesidad de subir escaleras.<\/p>\n","protected":false},"excerpt":{"rendered":"<p>Chalet ubicado en la costa del Maresme, en enclave estrat\u00e9gico de la localidad de Alella, distribuido en una sola planta, con vistas al Mar y absoluta privacidad. Con 3 habitaciones (una suite) con posibilidad de una cuarta habitaci\u00f3n y 2 ba\u00f1os, todo el inmueble cuenta mucha luz, espacios bien distribuidos y mucha comodidad. Ideal para personas con movilidad reducida<\/p>\n","protected":false},"featured_media":3924,"template":"","meta":{"inline_featured_image":false},"product_brand":[],"product_cat":[62],"product_tag":[54],"class_list":{"0":"post-3920","1":"product","2":"type-product","3":"status-publish","4":"has-post-thumbnail","6":"product_cat-comprar-maresme","7":"product_tag-comprar","9":"first","10":"instock","11":"featured","12":"shipping-taxable","13":"purchasable","14":"product-type-simple"},"acf":[],"yoast_head":"<!-- This site is optimized with the Yoast SEO plugin v27.5 - https:\/\/yoast.com\/product\/yoast-seo-wordpress\/ -->\n<title>CHALET DE UNA SOLA PLANTA CON VISTAS AL MAR EN ALELLA - ARREL<\/title>\n<meta name=\"description\" content=\"Chalet de dise\u00f1o, a cuatro vientos con vistas al mar en la localidad de Alella. 3 habitaciones, 3 ba\u00f1os, parking, jard\u00edn y piscina.\" \/>\n<meta name=\"robots\" content=\"index, follow, max-snippet:-1, max-image-preview:large, max-video-preview:-1\" \/>\n<link rel=\"canonical\" href=\"https:\/\/arrel.com\/chalet-vistas-mar-alella\/\" \/>\n<meta property=\"og:locale\" content=\"en_US\" \/>\n<meta property=\"og:type\" content=\"article\" \/>\n<meta property=\"og:title\" content=\"CHALET DE UNA SOLA PLANTA CON VISTAS AL MAR EN ALELLA - ARREL\" \/>\n<meta property=\"og:description\" content=\"Chalet de dise\u00f1o, a cuatro vientos con vistas al mar en la localidad de Alella. 3 habitaciones, 3 ba\u00f1os, parking, jard\u00edn y piscina.\" \/>\n<meta property=\"og:url\" content=\"https:\/\/arrel.com\/chalet-vistas-mar-alella\/\" \/>\n<meta property=\"og:site_name\" content=\"ARREL\" \/>\n<meta property=\"article:modified_time\" content=\"2024-02-29T10:56:32+00:00\" \/>\n<meta property=\"og:image\" content=\"https:\/\/arrel.com\/wp-content\/uploads\/ARREL-ALELLA-IMMOBILIARIA-VISTAS-MAR-MONTANA2.jpg\" \/>\n\t<meta property=\"og:image:width\" content=\"1000\" \/>\n\t<meta property=\"og:image:height\" content=\"592\" \/>\n\t<meta property=\"og:image:type\" content=\"image\/jpeg\" \/>\n<meta name=\"twitter:card\" content=\"summary_large_image\" \/>\n<meta name=\"twitter:label1\" content=\"Est. reading time\" \/>\n\t<meta name=\"twitter:data1\" content=\"1 minute\" \/>\n<script type=\"application\/ld+json\" class=\"yoast-schema-graph\">{\"@context\":\"https:\\\/\\\/schema.org\",\"@graph\":[{\"@type\":\"WebPage\",\"@id\":\"https:\\\/\\\/arrel.com\\\/chalet-vistas-mar-alella\\\/\",\"url\":\"https:\\\/\\\/arrel.com\\\/chalet-vistas-mar-alella\\\/\",\"name\":\"CHALET DE UNA SOLA PLANTA CON VISTAS AL MAR EN ALELLA - ARREL\",\"isPartOf\":{\"@id\":\"https:\\\/\\\/arrel.com\\\/#website\"},\"primaryImageOfPage\":{\"@id\":\"https:\\\/\\\/arrel.com\\\/chalet-vistas-mar-alella\\\/#primaryimage\"},\"image\":{\"@id\":\"https:\\\/\\\/arrel.com\\\/chalet-vistas-mar-alella\\\/#primaryimage\"},\"thumbnailUrl\":\"https:\\\/\\\/arrel.com\\\/wp-content\\\/uploads\\\/ARREL-ALELLA-IMMOBILIARIA-VISTAS-MAR-MONTANA2.jpg\",\"datePublished\":\"2023-02-23T17:39:04+00:00\",\"dateModified\":\"2024-02-29T10:56:32+00:00\",\"description\":\"Chalet de dise\u00f1o, a cuatro vientos con vistas al mar en la localidad de Alella. 3 habitaciones, 3 ba\u00f1os, parking, jard\u00edn y piscina.\",\"breadcrumb\":{\"@id\":\"https:\\\/\\\/arrel.com\\\/chalet-vistas-mar-alella\\\/#breadcrumb\"},\"inLanguage\":\"en-US\",\"potentialAction\":[{\"@type\":\"ReadAction\",\"target\":[\"https:\\\/\\\/arrel.com\\\/chalet-vistas-mar-alella\\\/\"]}]},{\"@type\":\"ImageObject\",\"inLanguage\":\"en-US\",\"@id\":\"https:\\\/\\\/arrel.com\\\/chalet-vistas-mar-alella\\\/#primaryimage\",\"url\":\"https:\\\/\\\/arrel.com\\\/wp-content\\\/uploads\\\/ARREL-ALELLA-IMMOBILIARIA-VISTAS-MAR-MONTANA2.jpg\",\"contentUrl\":\"https:\\\/\\\/arrel.com\\\/wp-content\\\/uploads\\\/ARREL-ALELLA-IMMOBILIARIA-VISTAS-MAR-MONTANA2.jpg\",\"width\":1000,\"height\":592},{\"@type\":\"BreadcrumbList\",\"@id\":\"https:\\\/\\\/arrel.com\\\/chalet-vistas-mar-alella\\\/#breadcrumb\",\"itemListElement\":[{\"@type\":\"ListItem\",\"position\":1,\"name\":\"Portada\",\"item\":\"https:\\\/\\\/arrel.com\\\/en\\\/\"},{\"@type\":\"ListItem\",\"position\":2,\"name\":\"Real estate search engine\",\"item\":\"https:\\\/\\\/arrel.com\\\/en\\\/buscador-inmuebles\\\/\"},{\"@type\":\"ListItem\",\"position\":3,\"name\":\"CHALET DE UNA SOLA PLANTA CON VISTAS AL MAR EN ALELLA\"}]},{\"@type\":\"WebSite\",\"@id\":\"https:\\\/\\\/arrel.com\\\/#website\",\"url\":\"https:\\\/\\\/arrel.com\\\/\",\"name\":\"ARREL\",\"description\":\"Agencia inmobiliaria en Maresme y Barcelona\",\"publisher\":{\"@id\":\"https:\\\/\\\/arrel.com\\\/#organization\"},\"potentialAction\":[{\"@type\":\"SearchAction\",\"target\":{\"@type\":\"EntryPoint\",\"urlTemplate\":\"https:\\\/\\\/arrel.com\\\/?s={search_term_string}\"},\"query-input\":{\"@type\":\"PropertyValueSpecification\",\"valueRequired\":true,\"valueName\":\"search_term_string\"}}],\"inLanguage\":\"en-US\"},{\"@type\":\"Organization\",\"@id\":\"https:\\\/\\\/arrel.com\\\/#organization\",\"name\":\"ARREL\",\"url\":\"https:\\\/\\\/arrel.com\\\/\",\"logo\":{\"@type\":\"ImageObject\",\"inLanguage\":\"en-US\",\"@id\":\"https:\\\/\\\/arrel.com\\\/#\\\/schema\\\/logo\\\/image\\\/\",\"url\":\"https:\\\/\\\/arrel.com\\\/wp-content\\\/uploads\\\/logo-arrel.svg\",\"contentUrl\":\"https:\\\/\\\/arrel.com\\\/wp-content\\\/uploads\\\/logo-arrel.svg\",\"width\":93,\"height\":33,\"caption\":\"ARREL\"},\"image\":{\"@id\":\"https:\\\/\\\/arrel.com\\\/#\\\/schema\\\/logo\\\/image\\\/\"}}]}<\/script>\n<!-- \/ Yoast SEO plugin. -->","yoast_head_json":{"title":"CHALET DE UNA SOLA PLANTA CON VISTAS AL MAR EN ALELLA - ARREL","description":"Chalet de dise\u00f1o, a cuatro vientos con vistas al mar en la localidad de Alella. 3 habitaciones, 3 ba\u00f1os, parking, jard\u00edn y piscina.","robots":{"index":"index","follow":"follow","max-snippet":"max-snippet:-1","max-image-preview":"max-image-preview:large","max-video-preview":"max-video-preview:-1"},"canonical":"https:\/\/arrel.com\/chalet-vistas-mar-alella\/","og_locale":"en_US","og_type":"article","og_title":"CHALET DE UNA SOLA PLANTA CON VISTAS AL MAR EN ALELLA - ARREL","og_description":"Chalet de dise\u00f1o, a cuatro vientos con vistas al mar en la localidad de Alella. 3 habitaciones, 3 ba\u00f1os, parking, jard\u00edn y piscina.","og_url":"https:\/\/arrel.com\/chalet-vistas-mar-alella\/","og_site_name":"ARREL","article_modified_time":"2024-02-29T10:56:32+00:00","og_image":[{"width":1000,"height":592,"url":"https:\/\/arrel.com\/wp-content\/uploads\/ARREL-ALELLA-IMMOBILIARIA-VISTAS-MAR-MONTANA2.jpg","type":"image\/jpeg"}],"twitter_card":"summary_large_image","twitter_misc":{"Est. reading time":"1 minute"},"schema":{"@context":"https:\/\/schema.org","@graph":[{"@type":"WebPage","@id":"https:\/\/arrel.com\/chalet-vistas-mar-alella\/","url":"https:\/\/arrel.com\/chalet-vistas-mar-alella\/","name":"CHALET DE UNA SOLA PLANTA CON VISTAS AL MAR EN ALELLA - ARREL","isPartOf":{"@id":"https:\/\/arrel.com\/#website"},"primaryImageOfPage":{"@id":"https:\/\/arrel.com\/chalet-vistas-mar-alella\/#primaryimage"},"image":{"@id":"https:\/\/arrel.com\/chalet-vistas-mar-alella\/#primaryimage"},"thumbnailUrl":"https:\/\/arrel.com\/wp-content\/uploads\/ARREL-ALELLA-IMMOBILIARIA-VISTAS-MAR-MONTANA2.jpg","datePublished":"2023-02-23T17:39:04+00:00","dateModified":"2024-02-29T10:56:32+00:00","description":"Chalet de dise\u00f1o, a cuatro vientos con vistas al mar en la localidad de Alella. 3 habitaciones, 3 ba\u00f1os, parking, jard\u00edn y piscina.","breadcrumb":{"@id":"https:\/\/arrel.com\/chalet-vistas-mar-alella\/#breadcrumb"},"inLanguage":"en-US","potentialAction":[{"@type":"ReadAction","target":["https:\/\/arrel.com\/chalet-vistas-mar-alella\/"]}]},{"@type":"ImageObject","inLanguage":"en-US","@id":"https:\/\/arrel.com\/chalet-vistas-mar-alella\/#primaryimage","url":"https:\/\/arrel.com\/wp-content\/uploads\/ARREL-ALELLA-IMMOBILIARIA-VISTAS-MAR-MONTANA2.jpg","contentUrl":"https:\/\/arrel.com\/wp-content\/uploads\/ARREL-ALELLA-IMMOBILIARIA-VISTAS-MAR-MONTANA2.jpg","width":1000,"height":592},{"@type":"BreadcrumbList","@id":"https:\/\/arrel.com\/chalet-vistas-mar-alella\/#breadcrumb","itemListElement":[{"@type":"ListItem","position":1,"name":"Portada","item":"https:\/\/arrel.com\/en\/"},{"@type":"ListItem","position":2,"name":"Real estate search engine","item":"https:\/\/arrel.com\/en\/buscador-inmuebles\/"},{"@type":"ListItem","position":3,"name":"CHALET DE UNA SOLA PLANTA CON VISTAS AL MAR EN ALELLA"}]},{"@type":"WebSite","@id":"https:\/\/arrel.com\/#website","url":"https:\/\/arrel.com\/","name":"ARREL","description":"Agencia inmobiliaria en Maresme y Barcelona","publisher":{"@id":"https:\/\/arrel.com\/#organization"},"potentialAction":[{"@type":"SearchAction","target":{"@type":"EntryPoint","urlTemplate":"https:\/\/arrel.com\/?s={search_term_string}"},"query-input":{"@type":"PropertyValueSpecification","valueRequired":true,"valueName":"search_term_string"}}],"inLanguage":"en-US"},{"@type":"Organization","@id":"https:\/\/arrel.com\/#organization","name":"ARREL","url":"https:\/\/arrel.com\/","logo":{"@type":"ImageObject","inLanguage":"en-US","@id":"https:\/\/arrel.com\/#\/schema\/logo\/image\/","url":"https:\/\/arrel.com\/wp-content\/uploads\/logo-arrel.svg","contentUrl":"https:\/\/arrel.com\/wp-content\/uploads\/logo-arrel.svg","width":93,"height":33,"caption":"ARREL"},"image":{"@id":"https:\/\/arrel.com\/#\/schema\/logo\/image\/"}}]}},"_links":{"self":[{"href":"https:\/\/arrel.com\/en\/wp-json\/wp\/v2\/product\/3920","targetHints":{"allow":["GET"]}}],"collection":[{"href":"https:\/\/arrel.com\/en\/wp-json\/wp\/v2\/product"}],"about":[{"href":"https:\/\/arrel.com\/en\/wp-json\/wp\/v2\/types\/product"}],"wp:featuredmedia":[{"embeddable":true,"href":"https:\/\/arrel.com\/en\/wp-json\/wp\/v2\/media\/3924"}],"wp:attachment":[{"href":"https:\/\/arrel.com\/en\/wp-json\/wp\/v2\/media?parent=3920"}],"wp:term":[{"taxonomy":"product_brand","embeddable":true,"href":"https:\/\/arrel.com\/en\/wp-json\/wp\/v2\/product_brand?post=3920"},{"taxonomy":"product_cat","embeddable":true,"href":"https:\/\/arrel.com\/en\/wp-json\/wp\/v2\/product_cat?post=3920"},{"taxonomy":"product_tag","embeddable":true,"href":"https:\/\/arrel.com\/en\/wp-json\/wp\/v2\/product_tag?post=3920"}],"curies":[{"name":"wp","href":"https:\/\/api.w.org\/{rel}","templated":true}]}}